{"id":9,"date":"2021-08-11T10:33:51","date_gmt":"2021-08-11T08:33:51","guid":{"rendered":"https:\/\/vrstvy.sk\/?page_id=9"},"modified":"2026-02-08T14:49:08","modified_gmt":"2026-02-08T13:49:08","slug":"uvod","status":"publish","type":"page","link":"https:\/\/vrstvy.sk\/sk\/","title":{"rendered":"\u00davod"},"content":{"rendered":"<p>[et_pb_section fb_built=&#8220;1&#8243; custom_padding_last_edited=&#8220;off|tablet&#8220; admin_label=&#8220;Header&#8220; _builder_version=&#8220;4.16&#8243; _module_preset=&#8220;default&#8220; background_color=&#8220;RGBA(0,0,0,0)&#8220; background_image=&#8220;https:\/\/vrstvy.sk\/wp-content\/uploads\/2021\/08\/jk-vrstvy-png-2.png&#8220; custom_padding=&#8220;0px||224px||false|false&#8220; custom_padding_tablet=&#8220;||||false|false&#8220; global_colors_info=&#8220;{}&#8220;][et_pb_row column_structure=&#8220;2_5,3_5&#8243; _builder_version=&#8220;4.16&#8243; _module_preset=&#8220;default&#8220; width=&#8220;100%&#8220; max_width=&#8220;100%&#8220; custom_padding=&#8220;0px||2px||false|false&#8220; global_colors_info=&#8220;{}&#8220;][et_pb_column type=&#8220;2_5&#8243; _builder_version=&#8220;4.16&#8243; _module_preset=&#8220;default&#8220; background_color=&#8220;#01a652&#8243; use_background_color_gradient=&#8220;on&#8220; background_color_gradient_direction=&#8220;90deg&#8220; background_color_gradient_stops=&#8220;rgba(0,0,0,0) 60%|#ffffff 60%&#8220; background_color_gradient_overlays_image=&#8220;on&#8220; background_color_gradient_start=&#8220;rgba(0,0,0,0)&#8220; background_color_gradient_start_position=&#8220;60%&#8220; background_color_gradient_end=&#8220;#ffffff&#8220; background_color_gradient_end_position=&#8220;60%&#8220; background_enable_image=&#8220;off&#8220; custom_padding=&#8220;100px||100px|15vw|true|false&#8220; custom_padding_tablet=&#8220;50px|10vw|50px|10vw|true|true&#8220; custom_padding_phone=&#8220;40px||40px||true|true&#8220; custom_padding_last_edited=&#8220;on|phone&#8220; global_colors_info=&#8220;{}&#8220;][et_pb_image src=&#8220;https:\/\/vrstvy.sk\/wp-content\/uploads\/2021\/08\/P9020102-scaled.jpg&#8220; admin_label=&#8220;filter&#8220; module_id=&#8220;filter&#8220; _builder_version=&#8220;4.16&#8243; _module_preset=&#8220;default&#8220; min_height=&#8220;373.4px&#8220; max_height_tablet=&#8220;300px&#8220; max_height_phone=&#8220;&#8220; max_height_last_edited=&#8220;on|tablet&#8220; custom_margin=&#8220;|||-124px||&#8220; custom_padding=&#8220;|0px|0px|0px||&#8220; box_shadow_style=&#8220;preset2&#8243; box_shadow_horizontal=&#8220;56px&#8220; box_shadow_vertical=&#8220;56px&#8220; box_shadow_blur=&#8220;56px&#8220; locked=&#8220;off&#8220; global_colors_info=&#8220;{}&#8220;][\/et_pb_image][\/et_pb_column][et_pb_column type=&#8220;3_5&#8243; _builder_version=&#8220;4.16&#8243; _module_preset=&#8220;default&#8220; custom_padding=&#8220;160px|15vw|||false|false&#8220; custom_padding_tablet=&#8220;0px|10vw||10vw|false|true&#8220; custom_padding_phone=&#8220;&#8220; custom_padding_last_edited=&#8220;on|phone&#8220; global_colors_info=&#8220;{}&#8220;][et_pb_text _builder_version=&#8220;4.16&#8243; _module_preset=&#8220;default&#8220; text_font_size=&#8220;16px&#8220; text_line_height=&#8220;2.2em&#8220; header_font=&#8220;Merriweather|300|||||||&#8220; header_font_size=&#8220;74px&#8220; header_line_height=&#8220;1.4em&#8220; header_2_font=&#8220;Merriweather|700|||||||&#8220; header_2_font_size=&#8220;74px&#8220; header_2_line_height=&#8220;1.4em&#8220; header_3_font=&#8220;|700||on|||||&#8220; header_3_font_size=&#8220;14px&#8220; header_3_letter_spacing=&#8220;4px&#8220; header_3_line_height=&#8220;1.4em&#8220; custom_margin=&#8220;-24px|||||&#8220; custom_margin_tablet=&#8220;&#8220; custom_margin_phone=&#8220;10px|||5px|false|false&#8220; custom_margin_last_edited=&#8220;on|desktop&#8220; header_font_size_tablet=&#8220;54px&#8220; header_font_size_phone=&#8220;34px&#8220; header_font_size_last_edited=&#8220;on|phone&#8220; header_2_font_size_tablet=&#8220;54px&#8220; header_2_font_size_phone=&#8220;34px&#8220; header_2_font_size_last_edited=&#8220;on|phone&#8220; locked=&#8220;off&#8220; global_colors_info=&#8220;{}&#8220;]<\/p>\n<h3>Termick\u00e9 n\u00e1streky<\/h3>\n<h1>JK&nbsp;<strong>vrstvy s.r.o.<\/strong><\/h1>\n<p>Pon\u00fakame V\u00e1m svoje slu\u017eby pri rie\u0161en\u00ed probl\u00e9mov s opotrebovan\u00fdmi dielmi strojov a zariaden\u00ed, nan\u00e1\u0161an\u00edm povrchov\u00fdch vrstiev.[\/et_pb_text][et_pb_button button_url=&#8220;\/kontakt&#8220; button_text=&#8220;Kontakt&#8220; _builder_version=&#8220;4.16&#8243; _module_preset=&#8220;default&#8220; custom_button=&#8220;on&#8220; button_text_size=&#8220;14px&#8220; button_text_color=&#8220;#000000&#8243; button_border_width=&#8220;2px&#8220; button_border_color=&#8220;rgba(0,0,0,0.2)&#8220; button_border_radius=&#8220;0px&#8220; button_letter_spacing=&#8220;2px&#8220; button_font=&#8220;|||on|||||&#8220; custom_margin_tablet=&#8220;&#8220; custom_margin_phone=&#8220;|||5px|false|false&#8220; custom_margin_last_edited=&#8220;on|phone&#8220; custom_padding=&#8220;14px|30px|14px|30px|true|true&#8220; custom_padding_tablet=&#8220;&#8220; custom_padding_phone=&#8220;&#8220; custom_padding_last_edited=&#8220;on|phone&#8220; button_text_color_tablet=&#8220;&#8220; button_text_color_phone=&#8220;#FFFFFF&#8220; button_text_color_last_edited=&#8220;on|phone&#8220; button_bg_color_tablet=&#8220;&#8220; button_bg_color_phone=&#8220;#01a652&#8243; button_bg_color_last_edited=&#8220;on|phone&#8220; button_bg_enable_color_phone=&#8220;on&#8220; button_border_color_tablet=&#8220;&#8220; button_border_color_phone=&#8220;RGBA(0,0,0,0)&#8220; button_border_color_last_edited=&#8220;on|phone&#8220; background_layout_tablet=&#8220;&#8220; background_layout_phone=&#8220;light&#8220; background_layout_last_edited=&#8220;on|phone&#8220; locked=&#8220;off&#8220; global_colors_info=&#8220;{}&#8220; custom_padding__hover_enabled=&#8220;on|hover&#8220; custom_padding__hover=&#8220;|40px|||true|false&#8220; button_bg_color__hover_enabled=&#8220;on|desktop&#8220; button_bg_enable_color__hover=&#8220;on&#8220; button_bg_color__hover=&#8220;#27302b&#8220; button_border_color__hover_enabled=&#8220;on|hover&#8220; button_border_color__hover=&#8220;rgba(0,0,0,0)&#8220; button_text_color__hover_enabled=&#8220;on|desktop&#8220; button_text_color__hover=&#8220;#ffffff&#8220;][\/et_pb_button][\/et_pb_column][\/et_pb_row][\/et_pb_section][et_pb_section fb_built=&#8220;1&#8243; custom_padding_last_edited=&#8220;on|phone&#8220; admin_label=&#8220;Mission&#8220; _builder_version=&#8220;4.16&#8243; _module_preset=&#8220;default&#8220; use_background_color_gradient=&#8220;on&#8220; background_color_gradient_direction=&#8220;90deg&#8220; background_color_gradient_stops=&#8220;#3d4840 70%|#27302b 70%&#8220; background_color_gradient_start=&#8220;#3d4840&#8243; background_color_gradient_start_position=&#8220;70%&#8220; background_color_gradient_end=&#8220;#27302b&#8220; background_color_gradient_end_position=&#8220;70%&#8220; background_image=&#8220;https:\/\/vrstvy.sk\/wp-content\/uploads\/2021\/08\/1625559607371-scaled.jpg&#8220; background_blend=&#8220;multiply&#8220; custom_padding=&#8220;100px||60px||false|false&#8220; custom_padding_tablet=&#8220;80px||80px||true|false&#8220; custom_padding_phone=&#8220;50px||50px||true|false&#8220; global_colors_info=&#8220;{}&#8220;][et_pb_row _builder_version=&#8220;4.25.1&#8243; _module_preset=&#8220;default&#8220; global_colors_info=&#8220;{}&#8220;][et_pb_column type=&#8220;4_4&#8243; _builder_version=&#8220;4.16&#8243; _module_preset=&#8220;default&#8220; global_colors_info=&#8220;{}&#8220;][et_pb_text _builder_version=&#8220;4.25.1&#8243; _module_preset=&#8220;default&#8220; header_2_font=&#8220;Merriweather|300|||||||&#8220; header_2_font_size=&#8220;40px&#8220; header_2_line_height=&#8220;1.4em&#8220; header_3_font=&#8220;|700||on|||||&#8220; header_3_text_color=&#8220;#FFFFFF&#8220; header_3_font_size=&#8220;14px&#8220; header_3_letter_spacing=&#8220;4px&#8220; header_3_line_height=&#8220;1.4em&#8220; background_layout=&#8220;dark&#8220; custom_margin=&#8220;-39px||||false|false&#8220; custom_margin_tablet=&#8220;0px||||false|false&#8220; custom_margin_phone=&#8220;&#8220; custom_margin_last_edited=&#8220;on|phone&#8220; header_2_font_size_tablet=&#8220;34px&#8220; header_2_font_size_phone=&#8220;24px&#8220; header_2_font_size_last_edited=&#8220;on|phone&#8220; locked=&#8220;off&#8220; global_colors_info=&#8220;{}&#8220;]<\/p>\n<h3>Cie\u013e<\/h3>\n<h2>Na\u0161ou snahou je komplexne<br \/><span style=\"color: #01a652;\"><strong>pos\u00fadi\u0165, skalkulova\u0165 a doporu\u010di\u0165 najvhodnej\u0161iu met\u00f3du povrchovej \u00fapravy\u00a0<\/strong><\/span>a po odobren\u00ed vykona\u0165 cel\u00fa realiz\u00e1ciu nan\u00e1\u0161ania, renov\u00e1cie.<\/h2>\n<p>[\/et_pb_text][\/et_pb_column][\/et_pb_row][\/et_pb_section][et_pb_section fb_built=&#8220;1&#8243; custom_padding_last_edited=&#8220;on|phone&#8220; admin_label=&#8220;Contact&#8220; _builder_version=&#8220;4.27.5&#8243; _module_preset=&#8220;default&#8220; background_image=&#8220;https:\/\/vrstvy.sk\/wp-content\/uploads\/2021\/08\/oprava-scaled.jpg&#8220; custom_padding=&#8220;0vw||0vw||false|false&#8220; custom_padding_tablet=&#8220;20vw||20vw||false|false&#8220; custom_padding_phone=&#8220;&#8220; hover_enabled=&#8220;0&#8243; locked=&#8220;off&#8220; global_colors_info=&#8220;{}&#8220; sticky_enabled=&#8220;0&#8243;][et_pb_row column_structure=&#8220;3_5,2_5&#8243; custom_padding_last_edited=&#8220;on|tablet&#8220; _builder_version=&#8220;4.16&#8243; _module_preset=&#8220;default&#8220; custom_padding=&#8220;90px||60px|||&#8220; custom_padding_tablet=&#8220;|20vw|||false|false&#8220; custom_padding_phone=&#8220;|0vw|||false|false&#8220; global_colors_info=&#8220;{}&#8220;][et_pb_column type=&#8220;3_5&#8243; _builder_version=&#8220;4.16&#8243; _module_preset=&#8220;default&#8220; global_colors_info=&#8220;{}&#8220;][et_pb_text _builder_version=&#8220;4.16&#8243; _module_preset=&#8220;default&#8220; header_2_font=&#8220;Merriweather|300|||||||&#8220; header_2_text_color=&#8220;#01a652&#8243; header_2_font_size=&#8220;74px&#8220; header_2_line_height=&#8220;1.4em&#8220; background_enable_color=&#8220;off&#8220; background_enable_image=&#8220;off&#8220; width=&#8220;100%&#8220; custom_padding=&#8220;|0px||||&#8220; header_2_font_size_tablet=&#8220;34px&#8220; header_2_font_size_phone=&#8220;22px&#8220; header_2_font_size_last_edited=&#8220;on|phone&#8220; locked=&#8220;off&#8220; global_colors_info=&#8220;{}&#8220;]<\/p>\n<h2 style=\"color: #01a652;\">Kontaktujte <span style=\"color: #ffff;\"><strong>n\u00e1s<\/strong><\/span><\/h2>\n<p>[\/et_pb_text][et_pb_contact_form email=&#8220;kukuc@vrstvy.sk&#8220; custom_message=&#8220;Meno: %%Name%%||et_pb_line_break_holder||E-mail: %%Email%%||et_pb_line_break_holder||Spr\u00e1va: %%Message%%&#8220; success_message=&#8220;Va\u0161a spr\u00e1va bola \u00faspe\u0161ne odoslan\u00e1. V \u010do najkrat\u0161om \u010dase V\u00e1s budeme kontaktova\u0165.&#8220; submit_button_text=&#8220;Odosla\u0165&#8220; module_class=&#8220;formhome&#8220; _builder_version=&#8220;4.16&#8243; _module_preset=&#8220;default&#8220; _unique_id=&#8220;2cfdf80a-0160-4145-89c3-1ffecab62ecd&#8220; form_field_background_color=&#8220;#FFFFFF&#8220; form_field_text_color=&#8220;#000000&#8243; form_field_focus_background_color=&#8220;#FFFFFF&#8220; form_field_focus_text_color=&#8220;#000000&#8243; captcha_text_color=&#8220;#FFFFFF&#8220; custom_button=&#8220;on&#8220; button_text_size=&#8220;14px&#8220; button_text_color=&#8220;#ffffff&#8220; button_bg_color=&#8220;#01a652&#8243; button_border_width=&#8220;0px&#8220; button_border_radius=&#8220;0px&#8220; button_letter_spacing=&#8220;2px&#8220; button_font=&#8220;|||on|||||&#8220; button_custom_margin=&#8220;0px||||false|false&#8220; button_custom_padding=&#8220;14px|30px|14px|30px|true|true&#8220; custom_margin=&#8220;|-5px||||&#8220; custom_css_before=&#8220;background-color: #f9f9f9;&#8220; border_width_all=&#8220;1px&#8220; border_color_all=&#8220;rgba(51,51,51,0.3)&#8220; global_colors_info=&#8220;{}&#8220; button_custom_padding__hover=&#8220;|40px|||true|false&#8220; button_custom_padding__hover_enabled=&#8220;on|hover&#8220; custom_css_before__hover_enabled=&#8220;off|desktop&#8220;][et_pb_contact_field field_id=&#8220;Name&#8220; field_title=&#8220;Meno&#8220; _builder_version=&#8220;4.16&#8243; global_colors_info=&#8220;{}&#8220; button_text_size__hover_enabled=&#8220;off&#8220; button_one_text_size__hover_enabled=&#8220;off&#8220; button_two_text_size__hover_enabled=&#8220;off&#8220; button_text_color__hover_enabled=&#8220;off&#8220; button_one_text_color__hover_enabled=&#8220;off&#8220; button_two_text_color__hover_enabled=&#8220;off&#8220; button_border_width__hover_enabled=&#8220;off&#8220; button_one_border_width__hover_enabled=&#8220;off&#8220; button_two_border_width__hover_enabled=&#8220;off&#8220; button_border_color__hover_enabled=&#8220;off&#8220; button_one_border_color__hover_enabled=&#8220;off&#8220; button_two_border_color__hover_enabled=&#8220;off&#8220; button_border_radius__hover_enabled=&#8220;off&#8220; button_one_border_radius__hover_enabled=&#8220;off&#8220; button_two_border_radius__hover_enabled=&#8220;off&#8220; button_letter_spacing__hover_enabled=&#8220;off&#8220; button_one_letter_spacing__hover_enabled=&#8220;off&#8220; button_two_letter_spacing__hover_enabled=&#8220;off&#8220; button_bg_color__hover_enabled=&#8220;off&#8220; button_one_bg_color__hover_enabled=&#8220;off&#8220; button_two_bg_color__hover_enabled=&#8220;off&#8220;][\/et_pb_contact_field][et_pb_contact_field field_id=&#8220;Email&#8220; field_title=&#8220;Email &#8220; field_type=&#8220;email&#8220; _builder_version=&#8220;4.16&#8243; global_colors_info=&#8220;{}&#8220; button_text_size__hover_enabled=&#8220;off&#8220; button_one_text_size__hover_enabled=&#8220;off&#8220; button_two_text_size__hover_enabled=&#8220;off&#8220; button_text_color__hover_enabled=&#8220;off&#8220; button_one_text_color__hover_enabled=&#8220;off&#8220; button_two_text_color__hover_enabled=&#8220;off&#8220; button_border_width__hover_enabled=&#8220;off&#8220; button_one_border_width__hover_enabled=&#8220;off&#8220; button_two_border_width__hover_enabled=&#8220;off&#8220; button_border_color__hover_enabled=&#8220;off&#8220; button_one_border_color__hover_enabled=&#8220;off&#8220; button_two_border_color__hover_enabled=&#8220;off&#8220; button_border_radius__hover_enabled=&#8220;off&#8220; button_one_border_radius__hover_enabled=&#8220;off&#8220; button_two_border_radius__hover_enabled=&#8220;off&#8220; button_letter_spacing__hover_enabled=&#8220;off&#8220; button_one_letter_spacing__hover_enabled=&#8220;off&#8220; button_two_letter_spacing__hover_enabled=&#8220;off&#8220; button_bg_color__hover_enabled=&#8220;off&#8220; button_one_bg_color__hover_enabled=&#8220;off&#8220; button_two_bg_color__hover_enabled=&#8220;off&#8220;][\/et_pb_contact_field][et_pb_contact_field field_id=&#8220;Message&#8220; field_title=&#8220;Spr\u00e1va&#8220; field_type=&#8220;text&#8220; fullwidth_field=&#8220;on&#8220; _builder_version=&#8220;4.16&#8243; global_colors_info=&#8220;{}&#8220; button_text_size__hover_enabled=&#8220;off&#8220; button_one_text_size__hover_enabled=&#8220;off&#8220; button_two_text_size__hover_enabled=&#8220;off&#8220; button_text_color__hover_enabled=&#8220;off&#8220; button_one_text_color__hover_enabled=&#8220;off&#8220; button_two_text_color__hover_enabled=&#8220;off&#8220; button_border_width__hover_enabled=&#8220;off&#8220; button_one_border_width__hover_enabled=&#8220;off&#8220; button_two_border_width__hover_enabled=&#8220;off&#8220; button_border_color__hover_enabled=&#8220;off&#8220; button_one_border_color__hover_enabled=&#8220;off&#8220; button_two_border_color__hover_enabled=&#8220;off&#8220; button_border_radius__hover_enabled=&#8220;off&#8220; button_one_border_radius__hover_enabled=&#8220;off&#8220; button_two_border_radius__hover_enabled=&#8220;off&#8220; button_letter_spacing__hover_enabled=&#8220;off&#8220; button_one_letter_spacing__hover_enabled=&#8220;off&#8220; button_two_letter_spacing__hover_enabled=&#8220;off&#8220; button_bg_color__hover_enabled=&#8220;off&#8220; button_one_bg_color__hover_enabled=&#8220;off&#8220; button_two_bg_color__hover_enabled=&#8220;off&#8220;][\/et_pb_contact_field][et_pb_contact_field field_id=&#8220;gdpr&#8220; field_title=&#8220;S\u00fahlas\u00edm so spracovan\u00edm osobn\u00fdch \u00fadajov&#8220; field_type=&#8220;checkbox&#8220; checkbox_options=&#8220;%91{%22value%22:%22S\u00fahlas\u00edm so spracovan\u00edm %22,%22checked%22:0,%22dragID%22:-1,%22link_url%22:%22https:\/\/vrstvy.sk\/wp-content\/uploads\/2022\/09\/vrstvy-gdpr.pdf%22,%22link_text%22:%22osobn\u00fdch \u00fadajov%22}%93&#8243; fullwidth_field=&#8220;on&#8220; _builder_version=&#8220;4.16&#8243; _module_preset=&#8220;default&#8220; form_field_background_color_tablet=&#8220;#FFFFFF&#8220; form_field_background_color_phone=&#8220;#FFFFFF&#8220; form_field_background_color_last_edited=&#8220;off|desktop&#8220; form_field_focus_text_color_tablet=&#8220;#000000&#8243; form_field_focus_text_color_phone=&#8220;#000000&#8243; form_field_focus_text_color_last_edited=&#8220;off|desktop&#8220; global_colors_info=&#8220;{}&#8220; form_field_text_color__hover_enabled=&#8220;off|desktop&#8220; form_field_text_color__hover=&#8220;#FFFFFF&#8220;][\/et_pb_contact_field][\/et_pb_contact_form][\/et_pb_column][et_pb_column type=&#8220;2_5&#8243; _builder_version=&#8220;4.16&#8243; _module_preset=&#8220;default&#8220; global_colors_info=&#8220;{}&#8220;][\/et_pb_column][\/et_pb_row][\/et_pb_section]<\/p>\n","protected":false},"excerpt":{"rendered":"<p>Termick\u00e9 n\u00e1streky JK&nbsp;vrstvy s.r.o. Pon\u00fakame V\u00e1m svoje slu\u017eby pri rie\u0161en\u00ed probl\u00e9mov s opotrebovan\u00fdmi dielmi strojov a zariaden\u00ed, nan\u00e1\u0161an\u00edm povrchov\u00fdch vrstiev.Cie\u013e Na\u0161ou snahou je komplexnepos\u00fadi\u0165, skalkulova\u0165 a doporu\u010di\u0165 najvhodnej\u0161iu met\u00f3du povrchovej \u00fapravy\u00a0a po odobren\u00ed vykona\u0165 cel\u00fa realiz\u00e1ciu nan\u00e1\u0161ania, renov\u00e1cie.Kontaktujte n\u00e1s<\/p>\n","protected":false},"author":2,"featured_media":0,"parent":0,"menu_order":0,"comment_status":"closed","ping_status":"closed","template":"","meta":{"_et_pb_use_builder":"on","_et_pb_old_content":"","_et_gb_content_width":"","footnotes":""},"class_list":["post-9","page","type-page","status-publish","hentry"],"yoast_head":"<!-- This site is optimized with the Yoast SEO plugin v26.9 - https:\/\/yoast.com\/product\/yoast-seo-wordpress\/ -->\n<title>Vitajte na str\u00e1nke JK vrstvy - vrstvy.sk<\/title>\n<meta name=\"description\" content=\"Na\u0161ou snahou je komplexnepos\u00fadi\u0165, skalkulova\u0165 a doporu\u010di\u0165 najvhodnej\u0161iu met\u00f3du povrchovej \u00fapravy a po odobren\u00ed vykona\u0165 cel\u00fa realiz\u00e1ciu nan\u00e1\u0161ania, renov\u00e1cie.\" \/>\n<meta name=\"robots\" content=\"index, follow, max-snippet:-1, max-image-preview:large, max-video-preview:-1\" \/>\n<link rel=\"canonical\" href=\"https:\/\/vrstvy.sk\/sk\/\" \/>\n<meta property=\"og:locale\" content=\"sk_SK\" \/>\n<meta property=\"og:type\" content=\"article\" \/>\n<meta property=\"og:title\" content=\"Vitajte na str\u00e1nke JK vrstvy - vrstvy.sk\" \/>\n<meta property=\"og:description\" content=\"Na\u0161ou snahou je komplexnepos\u00fadi\u0165, skalkulova\u0165 a doporu\u010di\u0165 najvhodnej\u0161iu met\u00f3du povrchovej \u00fapravy a po odobren\u00ed vykona\u0165 cel\u00fa realiz\u00e1ciu nan\u00e1\u0161ania, renov\u00e1cie.\" \/>\n<meta property=\"og:url\" content=\"https:\/\/vrstvy.sk\/sk\/\" \/>\n<meta property=\"og:site_name\" content=\"JK vrstvy\" \/>\n<meta property=\"article:modified_time\" content=\"2026-02-08T13:49:08+00:00\" \/>\n<meta name=\"twitter:card\" content=\"summary_large_image\" \/>\n<script type=\"application\/ld+json\" class=\"yoast-schema-graph\">{\"@context\":\"https:\/\/schema.org\",\"@graph\":[{\"@type\":\"WebPage\",\"@id\":\"https:\/\/vrstvy.sk\/sk\/\",\"url\":\"https:\/\/vrstvy.sk\/sk\/\",\"name\":\"Vitajte na str\u00e1nke JK vrstvy - vrstvy.sk\",\"isPartOf\":{\"@id\":\"https:\/\/vrstvy.sk\/sk\/#website\"},\"datePublished\":\"2021-08-11T08:33:51+00:00\",\"dateModified\":\"2026-02-08T13:49:08+00:00\",\"description\":\"Na\u0161ou snahou je komplexnepos\u00fadi\u0165, skalkulova\u0165 a doporu\u010di\u0165 najvhodnej\u0161iu met\u00f3du povrchovej \u00fapravy a po odobren\u00ed vykona\u0165 cel\u00fa realiz\u00e1ciu nan\u00e1\u0161ania, renov\u00e1cie.\",\"inLanguage\":\"sk-SK\",\"potentialAction\":[{\"@type\":\"ReadAction\",\"target\":[\"https:\/\/vrstvy.sk\/sk\/\"]}]},{\"@type\":\"WebSite\",\"@id\":\"https:\/\/vrstvy.sk\/sk\/#website\",\"url\":\"https:\/\/vrstvy.sk\/sk\/\",\"name\":\"JK vrstvy\",\"description\":\"\",\"publisher\":{\"@id\":\"https:\/\/vrstvy.sk\/sk\/#organization\"},\"potentialAction\":[{\"@type\":\"SearchAction\",\"target\":{\"@type\":\"EntryPoint\",\"urlTemplate\":\"https:\/\/vrstvy.sk\/sk\/?s={search_term_string}\"},\"query-input\":{\"@type\":\"PropertyValueSpecification\",\"valueRequired\":true,\"valueName\":\"search_term_string\"}}],\"inLanguage\":\"sk-SK\"},{\"@type\":\"Organization\",\"@id\":\"https:\/\/vrstvy.sk\/sk\/#organization\",\"name\":\"JK vrstvy s.r.o.\",\"url\":\"https:\/\/vrstvy.sk\/sk\/\",\"logo\":{\"@type\":\"ImageObject\",\"inLanguage\":\"sk-SK\",\"@id\":\"https:\/\/vrstvy.sk\/sk\/#\/schema\/logo\/image\/\",\"url\":\"https:\/\/vrstvy.sk\/wp-content\/uploads\/2021\/08\/jk-logo2-e1628680922939.png\",\"contentUrl\":\"https:\/\/vrstvy.sk\/wp-content\/uploads\/2021\/08\/jk-logo2-e1628680922939.png\",\"width\":500,\"height\":245,\"caption\":\"JK vrstvy s.r.o.\"},\"image\":{\"@id\":\"https:\/\/vrstvy.sk\/sk\/#\/schema\/logo\/image\/\"}}]}<\/script>\n<!-- \/ Yoast SEO plugin. -->","yoast_head_json":{"title":"Vitajte na str\u00e1nke JK vrstvy - vrstvy.sk","description":"Na\u0161ou snahou je komplexnepos\u00fadi\u0165, skalkulova\u0165 a doporu\u010di\u0165 najvhodnej\u0161iu met\u00f3du povrchovej \u00fapravy a po odobren\u00ed vykona\u0165 cel\u00fa realiz\u00e1ciu nan\u00e1\u0161ania, renov\u00e1cie.","robots":{"index":"index","follow":"follow","max-snippet":"max-snippet:-1","max-image-preview":"max-image-preview:large","max-video-preview":"max-video-preview:-1"},"canonical":"https:\/\/vrstvy.sk\/sk\/","og_locale":"sk_SK","og_type":"article","og_title":"Vitajte na str\u00e1nke JK vrstvy - vrstvy.sk","og_description":"Na\u0161ou snahou je komplexnepos\u00fadi\u0165, skalkulova\u0165 a doporu\u010di\u0165 najvhodnej\u0161iu met\u00f3du povrchovej \u00fapravy a po odobren\u00ed vykona\u0165 cel\u00fa realiz\u00e1ciu nan\u00e1\u0161ania, renov\u00e1cie.","og_url":"https:\/\/vrstvy.sk\/sk\/","og_site_name":"JK vrstvy","article_modified_time":"2026-02-08T13:49:08+00:00","twitter_card":"summary_large_image","schema":{"@context":"https:\/\/schema.org","@graph":[{"@type":"WebPage","@id":"https:\/\/vrstvy.sk\/sk\/","url":"https:\/\/vrstvy.sk\/sk\/","name":"Vitajte na str\u00e1nke JK vrstvy - vrstvy.sk","isPartOf":{"@id":"https:\/\/vrstvy.sk\/sk\/#website"},"datePublished":"2021-08-11T08:33:51+00:00","dateModified":"2026-02-08T13:49:08+00:00","description":"Na\u0161ou snahou je komplexnepos\u00fadi\u0165, skalkulova\u0165 a doporu\u010di\u0165 najvhodnej\u0161iu met\u00f3du povrchovej \u00fapravy a po odobren\u00ed vykona\u0165 cel\u00fa realiz\u00e1ciu nan\u00e1\u0161ania, renov\u00e1cie.","inLanguage":"sk-SK","potentialAction":[{"@type":"ReadAction","target":["https:\/\/vrstvy.sk\/sk\/"]}]},{"@type":"WebSite","@id":"https:\/\/vrstvy.sk\/sk\/#website","url":"https:\/\/vrstvy.sk\/sk\/","name":"JK vrstvy","description":"","publisher":{"@id":"https:\/\/vrstvy.sk\/sk\/#organization"},"potentialAction":[{"@type":"SearchAction","target":{"@type":"EntryPoint","urlTemplate":"https:\/\/vrstvy.sk\/sk\/?s={search_term_string}"},"query-input":{"@type":"PropertyValueSpecification","valueRequired":true,"valueName":"search_term_string"}}],"inLanguage":"sk-SK"},{"@type":"Organization","@id":"https:\/\/vrstvy.sk\/sk\/#organization","name":"JK vrstvy s.r.o.","url":"https:\/\/vrstvy.sk\/sk\/","logo":{"@type":"ImageObject","inLanguage":"sk-SK","@id":"https:\/\/vrstvy.sk\/sk\/#\/schema\/logo\/image\/","url":"https:\/\/vrstvy.sk\/wp-content\/uploads\/2021\/08\/jk-logo2-e1628680922939.png","contentUrl":"https:\/\/vrstvy.sk\/wp-content\/uploads\/2021\/08\/jk-logo2-e1628680922939.png","width":500,"height":245,"caption":"JK vrstvy s.r.o."},"image":{"@id":"https:\/\/vrstvy.sk\/sk\/#\/schema\/logo\/image\/"}}]}},"_links":{"self":[{"href":"https:\/\/vrstvy.sk\/sk\/wp-json\/wp\/v2\/pages\/9","targetHints":{"allow":["GET"]}}],"collection":[{"href":"https:\/\/vrstvy.sk\/sk\/wp-json\/wp\/v2\/pages"}],"about":[{"href":"https:\/\/vrstvy.sk\/sk\/wp-json\/wp\/v2\/types\/page"}],"author":[{"embeddable":true,"href":"https:\/\/vrstvy.sk\/sk\/wp-json\/wp\/v2\/users\/2"}],"replies":[{"embeddable":true,"href":"https:\/\/vrstvy.sk\/sk\/wp-json\/wp\/v2\/comments?post=9"}],"version-history":[{"count":30,"href":"https:\/\/vrstvy.sk\/sk\/wp-json\/wp\/v2\/pages\/9\/revisions"}],"predecessor-version":[{"id":570,"href":"https:\/\/vrstvy.sk\/sk\/wp-json\/wp\/v2\/pages\/9\/revisions\/570"}],"wp:attachment":[{"href":"https:\/\/vrstvy.sk\/sk\/wp-json\/wp\/v2\/media?parent=9"}],"curies":[{"name":"wp","href":"https:\/\/api.w.org\/{rel}","templated":true}]}}