{"id":110,"date":"2021-08-11T11:17:02","date_gmt":"2021-08-11T09:17:02","guid":{"rendered":"https:\/\/vrstvy.sk\/?page_id=110"},"modified":"2022-02-05T20:56:10","modified_gmt":"2022-02-05T19:56:10","slug":"termicke-nastreky","status":"publish","type":"page","link":"https:\/\/vrstvy.sk\/sk\/termicke-nastreky\/","title":{"rendered":"Termick\u00e9 n\u00e1streky"},"content":{"rendered":"<p>[et_pb_section fb_built=&#8220;1&#8243; _builder_version=&#8220;4.9.2&#8243; _module_preset=&#8220;default&#8220;][et_pb_row _builder_version=&#8220;4.9.2&#8243; _module_preset=&#8220;default&#8220;][et_pb_column type=&#8220;4_4&#8243; _builder_version=&#8220;4.9.2&#8243; _module_preset=&#8220;default&#8220;][et_pb_text _builder_version=&#8220;4.9.2&#8243; _module_preset=&#8220;default&#8220; text_font_size=&#8220;20px&#8220; text_line_height=&#8220;2.2em&#8220; header_font=&#8220;Merriweather|300|||||||&#8220; header_font_size=&#8220;50px&#8220; header_line_height=&#8220;1.4em&#8220; header_3_font=&#8220;|700||on|||||&#8220; header_3_font_size=&#8220;14px&#8220; header_3_letter_spacing=&#8220;4px&#8220; header_3_line_height=&#8220;1.4em&#8220; background_layout=&#8220;dark&#8220; custom_margin=&#8220;||1px|||&#8220; header_font_size_tablet=&#8220;54px&#8220; header_font_size_phone=&#8220;34px&#8220; header_font_size_last_edited=&#8220;on|phone&#8220;]<\/p>\n<h1 style=\"text-align: center;\"><span style=\"color: #000000;\"><strong>Termick\u00e9 n\u00e1streky<\/strong><\/span><\/h1>\n<p>[\/et_pb_text][\/et_pb_column][\/et_pb_row][et_pb_row column_structure=&#8220;2_5,3_5&#8243; _builder_version=&#8220;4.9.2&#8243; _module_preset=&#8220;default&#8220;][et_pb_column type=&#8220;2_5&#8243; _builder_version=&#8220;4.9.2&#8243; _module_preset=&#8220;default&#8220;][et_pb_image src=&#8220;https:\/\/vrstvy.sk\/wp-content\/uploads\/2021\/08\/termicky-nastrek.png&#8220; force_fullwidth=&#8220;on&#8220; _builder_version=&#8220;4.9.2&#8243; _module_preset=&#8220;default&#8220; min_height=&#8220;220px&#8220; custom_padding=&#8220;|0px||0px||&#8220; locked=&#8220;off&#8220;][\/et_pb_image][\/et_pb_column][et_pb_column type=&#8220;3_5&#8243; _builder_version=&#8220;4.9.2&#8243; _module_preset=&#8220;default&#8220;][et_pb_text _builder_version=&#8220;4.9.2&#8243; _module_preset=&#8220;default&#8220; text_font_size=&#8220;16px&#8220; text_line_height=&#8220;2.2em&#8220; custom_padding=&#8220;|0px||||&#8220; text_font_size_tablet=&#8220;14px&#8220; text_font_size_phone=&#8220;&#8220; text_font_size_last_edited=&#8220;on|phone&#8220; locked=&#8220;off&#8220;]<\/p>\n<p>Nan\u00e1\u0161anie kovov\u00fdch, keramick\u00fdch a karbidov\u00fdch vrstiev na strojn\u00e9 diely za \u00fa\u010delom zlep\u0161enia povrchov\u00fdch vlastnost\u00ed bez zmeny z\u00e1kladn\u00e9ho materi\u00e1lu.<\/p>\n<p>[\/et_pb_text][et_pb_text _builder_version=&#8220;4.9.2&#8243; text_font=&#8220;||||||||&#8220; text_text_color=&#8220;#000000&#8243; text_font_size=&#8220;16px&#8220; text_line_height=&#8220;1.4em&#8220; header_6_font=&#8220;|600||on|||||&#8220; header_6_text_color=&#8220;#01a652&#8243; header_6_font_size=&#8220;12px&#8220; header_6_letter_spacing=&#8220;2px&#8220; header_6_line_height=&#8220;1.2em&#8220; locked=&#8220;off&#8220;]<\/p>\n<h6>Pri oprav\u00e1ch<\/h6>\n<p>N\u00e1hrada opotrebovan\u00e9ho povrchu nanesen\u00edm vrstvy s porovnate\u013en\u00fdmi, alebo lep\u0161\u00edmi vlastnos\u0165ami vo\u010di p\u00f4vodn\u00e9mu povrchu.<\/p>\n<p>[\/et_pb_text][et_pb_text _builder_version=&#8220;4.9.2&#8243; text_font=&#8220;||||||||&#8220; text_text_color=&#8220;#000000&#8243; text_font_size=&#8220;16px&#8220; text_line_height=&#8220;1.4em&#8220; header_6_font=&#8220;|600||on|||||&#8220; header_6_text_color=&#8220;#01a652&#8243; header_6_font_size=&#8220;12px&#8220; header_6_letter_spacing=&#8220;2px&#8220; header_6_line_height=&#8220;1.2em&#8220; locked=&#8220;off&#8220;]<\/p>\n<h6>Pri v\u00fdrobe<\/h6>\n<p>Nanesenie vrstvy na z\u00e1kladn\u00fd materi\u00e1l so \u0161pecifick\u00fdmi vlastnos\u0165ami: tvrdos\u0165,&nbsp; oteruvzdornos\u0165, el.izolant, antikor\u00f3zna ochrana, at\u010f.<\/p>\n<p>Ako napr\u00edklad: Hriadele, \u010dapy, \u0161neky, no\u017ee, zuby, li\u0161ty at\u010f.<\/p>\n<p>[\/et_pb_text][\/et_pb_column][\/et_pb_row][et_pb_row column_structure=&#8220;1_3,1_3,1_3&#8243; custom_padding_last_edited=&#8220;on|phone&#8220; _builder_version=&#8220;4.9.2&#8243; _module_preset=&#8220;default&#8220; custom_padding=&#8220;2px|||||&#8220; custom_padding_tablet=&#8220;&#8220; custom_padding_phone=&#8220;10px||||false|false&#8220;][et_pb_column type=&#8220;1_3&#8243; _builder_version=&#8220;4.9.2&#8243; _module_preset=&#8220;default&#8220; custom_padding_tablet=&#8220;&#8220; custom_padding_phone=&#8220;|||0px|false|false&#8220; custom_padding_last_edited=&#8220;on|phone&#8220;][et_pb_button button_url=&#8220;\/kontakt&#8220; button_text=&#8220;Kontakt&#8220; button_alignment=&#8220;center&#8220; _builder_version=&#8220;4.9.2&#8243; _module_preset=&#8220;default&#8220; custom_button=&#8220;on&#8220; button_text_size=&#8220;14px&#8220; button_text_color=&#8220;#ffffff&#8220; button_bg_color=&#8220;#01a652&#8243; button_border_width=&#8220;0px&#8220; button_border_radius=&#8220;0px&#8220; button_letter_spacing=&#8220;2px&#8220; button_font=&#8220;|||on|||||&#8220; custom_padding=&#8220;14px|30px|14px|30px|true|true&#8220; locked=&#8220;off&#8220; custom_padding__hover_enabled=&#8220;on|hover&#8220; custom_padding__hover=&#8220;|40px|||true|false&#8220; button_bg_color__hover_enabled=&#8220;on|hover&#8220; button_bg_color__hover=&#8220;#f0efee&#8220; button_bg_enable_color__hover=&#8220;on&#8220; button_text_color__hover_enabled=&#8220;on|desktop&#8220; button_text_color__hover=&#8220;#27302b&#8220;][\/et_pb_button][\/et_pb_column][et_pb_column type=&#8220;1_3&#8243; _builder_version=&#8220;4.9.2&#8243; _module_preset=&#8220;default&#8220;][et_pb_text _builder_version=&#8220;4.9.2&#8243; _module_preset=&#8220;default&#8220; width=&#8220;98%&#8220; custom_margin=&#8220;|||76px||&#8220; custom_margin_tablet=&#8220;&#8220; custom_margin_phone=&#8220;|||0px|false|false&#8220; custom_margin_last_edited=&#8220;on|phone&#8220; custom_padding=&#8220;|0px||||&#8220;]<\/p>\n<h4><strong>Pr\u00edklady mo\u017en\u00fdch aplik\u00e1ci\u00ed<\/strong><\/h4>\n<p><strong>Opravy a povrchov\u00e9 \u00fapravy:<\/strong><\/p>\n<ul>\n<li>klzn\u00fdch pl\u00f4ch<\/li>\n<li>tesniacich pl\u00f4ch<\/li>\n<li>dosadac\u00edch pl\u00f4ch<\/li>\n<li>lo\u017eiskov\u00e9 ulo\u017eenia<\/li>\n<li>l\u00edcovan\u00e9 ulo\u017eenia hriade\u013e\/ otvor<\/li>\n<li>el. vodivos\u0165\/ el. izolant<\/li>\n<\/ul>\n<p>[\/et_pb_text][\/et_pb_column][et_pb_column type=&#8220;1_3&#8243; _builder_version=&#8220;4.9.2&#8243; _module_preset=&#8220;default&#8220;][et_pb_text _builder_version=&#8220;4.9.2&#8243; _module_preset=&#8220;default&#8220; custom_margin=&#8220;|||86px||&#8220; custom_margin_tablet=&#8220;&#8220; custom_margin_phone=&#8220;|||0px|false|false&#8220; custom_margin_last_edited=&#8220;on|phone&#8220; custom_padding=&#8220;54px|||||&#8220; custom_padding_tablet=&#8220;&#8220; custom_padding_phone=&#8220;0px||||false|false&#8220; custom_padding_last_edited=&#8220;on|phone&#8220;]<\/p>\n<ul>\n<li>antikor\u00f3zna ochrana<\/li>\n<li>odolnos\u0165 pri kavit\u00e1cii<\/li>\n<li>odolnos\u0165 proti oteru<\/li>\n<li>hladk\u00e9 a leskl\u00e9 plochy<\/li>\n<li>drsn\u00e9 funk\u010dn\u00e9 pod\u00e1va\u010de<\/li>\n<li>a mnoho \u010fal\u0161\u00edch<\/li>\n<\/ul>\n<p>[\/et_pb_text][\/et_pb_column][\/et_pb_row][\/et_pb_section][et_pb_section fb_built=&#8220;1&#8243; admin_label=&#8220;Gallery&#8220; _builder_version=&#8220;4.6.1&#8243; _module_preset=&#8220;default&#8220; custom_padding=&#8220;4px|||||&#8220;][et_pb_row column_structure=&#8220;1_3,1_3,1_3&#8243; _builder_version=&#8220;4.6.1&#8243; _module_preset=&#8220;default&#8220;][et_pb_column type=&#8220;1_3&#8243; _builder_version=&#8220;4.6.1&#8243; _module_preset=&#8220;default&#8220;][et_pb_image src=&#8220;https:\/\/vrstvy.sk\/wp-content\/uploads\/2021\/08\/PICT9971.jpg&#8220; show_in_lightbox=&#8220;on&#8220; _builder_version=&#8220;4.9.2&#8243; _module_preset=&#8220;default&#8220;][\/et_pb_image][\/et_pb_column][et_pb_column type=&#8220;1_3&#8243; _builder_version=&#8220;4.6.1&#8243; _module_preset=&#8220;default&#8220;][et_pb_image src=&#8220;https:\/\/vrstvy.sk\/wp-content\/uploads\/2021\/08\/PICT9935.jpg&#8220; show_in_lightbox=&#8220;on&#8220; _builder_version=&#8220;4.9.2&#8243; _module_preset=&#8220;default&#8220; locked=&#8220;off&#8220;][\/et_pb_image][\/et_pb_column][et_pb_column type=&#8220;1_3&#8243; _builder_version=&#8220;4.6.1&#8243; _module_preset=&#8220;default&#8220;][et_pb_image src=&#8220;https:\/\/vrstvy.sk\/wp-content\/uploads\/2021\/08\/P2170018-scaled.jpg&#8220; show_in_lightbox=&#8220;on&#8220; _builder_version=&#8220;4.9.2&#8243; _module_preset=&#8220;default&#8220; locked=&#8220;off&#8220;][\/et_pb_image][\/et_pb_column][\/et_pb_row][et_pb_row column_structure=&#8220;1_3,1_3,1_3&#8243; _builder_version=&#8220;4.6.1&#8243; _module_preset=&#8220;default&#8220;][et_pb_column type=&#8220;1_3&#8243; _builder_version=&#8220;4.6.1&#8243; _module_preset=&#8220;default&#8220;][et_pb_image src=&#8220;https:\/\/vrstvy.sk\/wp-content\/uploads\/2021\/08\/20190429_131631-scaled.jpg&#8220; show_in_lightbox=&#8220;on&#8220; _builder_version=&#8220;4.9.2&#8243; _module_preset=&#8220;default&#8220;][\/et_pb_image][\/et_pb_column][et_pb_column type=&#8220;1_3&#8243; _builder_version=&#8220;4.6.1&#8243; _module_preset=&#8220;default&#8220;][et_pb_image src=&#8220;https:\/\/vrstvy.sk\/wp-content\/uploads\/2021\/08\/20170929_115849-scaled.jpg&#8220; show_in_lightbox=&#8220;on&#8220; _builder_version=&#8220;4.9.2&#8243; _module_preset=&#8220;default&#8220; min_height=&#8220;238.2px&#8220; custom_margin=&#8220;||-4px|||&#8220; custom_padding=&#8220;||1px|||&#8220; locked=&#8220;off&#8220;][\/et_pb_image][\/et_pb_column][et_pb_column type=&#8220;1_3&#8243; _builder_version=&#8220;4.6.1&#8243; _module_preset=&#8220;default&#8220;][et_pb_image src=&#8220;https:\/\/vrstvy.sk\/wp-content\/uploads\/2021\/08\/p4220006.jpg&#8220; show_in_lightbox=&#8220;on&#8220; _builder_version=&#8220;4.9.2&#8243; _module_preset=&#8220;default&#8220; locked=&#8220;off&#8220;][\/et_pb_image][\/et_pb_column][\/et_pb_row][et_pb_row column_structure=&#8220;1_3,1_3,1_3&#8243; _builder_version=&#8220;4.6.1&#8243; _module_preset=&#8220;default&#8220;][et_pb_column type=&#8220;1_3&#8243; _builder_version=&#8220;4.6.1&#8243; _module_preset=&#8220;default&#8220;][et_pb_image src=&#8220;https:\/\/vrstvy.sk\/wp-content\/uploads\/2021\/08\/dsc00250.jpg&#8220; show_in_lightbox=&#8220;on&#8220; _builder_version=&#8220;4.9.2&#8243; _module_preset=&#8220;default&#8220;][\/et_pb_image][\/et_pb_column][et_pb_column type=&#8220;1_3&#8243; _builder_version=&#8220;4.6.1&#8243; _module_preset=&#8220;default&#8220;][et_pb_image src=&#8220;https:\/\/vrstvy.sk\/wp-content\/uploads\/2021\/08\/1.jpg&#8220; show_in_lightbox=&#8220;on&#8220; _builder_version=&#8220;4.9.2&#8243; _module_preset=&#8220;default&#8220; locked=&#8220;off&#8220;][\/et_pb_image][\/et_pb_column][et_pb_column type=&#8220;1_3&#8243; _builder_version=&#8220;4.6.1&#8243; _module_preset=&#8220;default&#8220;][et_pb_image src=&#8220;https:\/\/vrstvy.sk\/wp-content\/uploads\/2021\/08\/p3220027.jpg&#8220; show_in_lightbox=&#8220;on&#8220; _builder_version=&#8220;4.9.2&#8243; _module_preset=&#8220;default&#8220; locked=&#8220;off&#8220;][\/et_pb_image][\/et_pb_column][\/et_pb_row][et_pb_row _builder_version=&#8220;4.9.2&#8243; _module_preset=&#8220;default&#8220;][et_pb_column type=&#8220;4_4&#8243; _builder_version=&#8220;4.9.2&#8243; _module_preset=&#8220;default&#8220;][et_pb_button button_url=&#8220;\/fotogaleria\/&#8220; button_text=&#8220;Viac fotografi\u00ed&#8220; button_alignment=&#8220;center&#8220; _builder_version=&#8220;4.9.2&#8243; _module_preset=&#8220;default&#8220; custom_button=&#8220;on&#8220; button_text_size=&#8220;14px&#8220; button_text_color=&#8220;#ffffff&#8220; button_bg_color=&#8220;#01a652&#8243; button_border_width=&#8220;0px&#8220; button_border_radius=&#8220;0px&#8220; button_letter_spacing=&#8220;2px&#8220; button_font=&#8220;|||on|||||&#8220; custom_padding=&#8220;14px|30px|14px|30px|true|true&#8220; button_text_color__hover=&#8220;#27302b&#8220; button_text_color__hover_enabled=&#8220;on|desktop&#8220; button_bg_color__hover=&#8220;#f0efee&#8220; button_bg_color__hover_enabled=&#8220;on|hover&#8220; custom_padding__hover=&#8220;|40px|||true|false&#8220; custom_padding__hover_enabled=&#8220;on|hover&#8220;][\/et_pb_button][\/et_pb_column][\/et_pb_row][\/et_pb_section]<\/p>\n","protected":false},"excerpt":{"rendered":"<p>Termick\u00e9 n\u00e1streky Nan\u00e1\u0161anie kovov\u00fdch, keramick\u00fdch a karbidov\u00fdch vrstiev na strojn\u00e9 diely za \u00fa\u010delom zlep\u0161enia povrchov\u00fdch vlastnost\u00ed bez zmeny z\u00e1kladn\u00e9ho materi\u00e1lu. Pri oprav\u00e1ch N\u00e1hrada opotrebovan\u00e9ho povrchu nanesen\u00edm vrstvy s porovnate\u013en\u00fdmi, alebo lep\u0161\u00edmi vlastnos\u0165ami vo\u010di p\u00f4vodn\u00e9mu povrchu. Pri v\u00fdrobe Nanesenie vrstvy na z\u00e1kladn\u00fd materi\u00e1l so \u0161pecifick\u00fdmi vlastnos\u0165ami: tvrdos\u0165,&nbsp; oteruvzdornos\u0165, el.izolant, antikor\u00f3zna ochrana, at\u010f. Ako napr\u00edklad: Hriadele, \u010dapy, [&hellip;]<\/p>\n","protected":false},"author":2,"featured_media":0,"parent":0,"menu_order":0,"comment_status":"closed","ping_status":"closed","template":"","meta":{"_et_pb_use_builder":"on","_et_pb_old_content":"","_et_gb_content_width":"","footnotes":""},"class_list":["post-110","page","type-page","status-publish","hentry"],"yoast_head":"<!-- This site is optimized with the Yoast SEO plugin v26.9 - https:\/\/yoast.com\/product\/yoast-seo-wordpress\/ -->\n<title>Termick\u00e9 n\u00e1streky | vrstvy.sk<\/title>\n<meta name=\"description\" content=\"Nan\u00e1\u0161anie kovov\u00fdch, keramick\u00fdch a karbidov\u00fdch vrstiev na strojn\u00e9 diely za \u00fa\u010delom zlep\u0161enia povrchov\u00fdch vlastnost\u00ed bez zmeny z\u00e1kladn\u00e9ho materi\u00e1lu.\" \/>\n<meta name=\"robots\" content=\"index, follow, max-snippet:-1, max-image-preview:large, max-video-preview:-1\" \/>\n<link rel=\"canonical\" href=\"https:\/\/vrstvy.sk\/sk\/termicke-nastreky\/\" \/>\n<meta property=\"og:locale\" content=\"sk_SK\" \/>\n<meta property=\"og:type\" content=\"article\" \/>\n<meta property=\"og:title\" content=\"Termick\u00e9 n\u00e1streky | vrstvy.sk\" \/>\n<meta property=\"og:description\" content=\"Nan\u00e1\u0161anie kovov\u00fdch, keramick\u00fdch a karbidov\u00fdch vrstiev na strojn\u00e9 diely za \u00fa\u010delom zlep\u0161enia povrchov\u00fdch vlastnost\u00ed bez zmeny z\u00e1kladn\u00e9ho materi\u00e1lu.\" \/>\n<meta property=\"og:url\" content=\"https:\/\/vrstvy.sk\/sk\/termicke-nastreky\/\" \/>\n<meta property=\"og:site_name\" content=\"JK vrstvy\" \/>\n<meta property=\"article:modified_time\" content=\"2022-02-05T19:56:10+00:00\" \/>\n<meta name=\"twitter:card\" content=\"summary_large_image\" \/>\n<script type=\"application\/ld+json\" class=\"yoast-schema-graph\">{\"@context\":\"https:\/\/schema.org\",\"@graph\":[{\"@type\":\"WebPage\",\"@id\":\"https:\/\/vrstvy.sk\/sk\/termicke-nastreky\/\",\"url\":\"https:\/\/vrstvy.sk\/sk\/termicke-nastreky\/\",\"name\":\"Termick\u00e9 n\u00e1streky | vrstvy.sk\",\"isPartOf\":{\"@id\":\"https:\/\/vrstvy.sk\/sk\/#website\"},\"datePublished\":\"2021-08-11T09:17:02+00:00\",\"dateModified\":\"2022-02-05T19:56:10+00:00\",\"description\":\"Nan\u00e1\u0161anie kovov\u00fdch, keramick\u00fdch a karbidov\u00fdch vrstiev na strojn\u00e9 diely za \u00fa\u010delom zlep\u0161enia povrchov\u00fdch vlastnost\u00ed bez zmeny z\u00e1kladn\u00e9ho materi\u00e1lu.\",\"inLanguage\":\"sk-SK\",\"potentialAction\":[{\"@type\":\"ReadAction\",\"target\":[\"https:\/\/vrstvy.sk\/sk\/termicke-nastreky\/\"]}]},{\"@type\":\"WebSite\",\"@id\":\"https:\/\/vrstvy.sk\/sk\/#website\",\"url\":\"https:\/\/vrstvy.sk\/sk\/\",\"name\":\"JK vrstvy\",\"description\":\"\",\"publisher\":{\"@id\":\"https:\/\/vrstvy.sk\/sk\/#organization\"},\"potentialAction\":[{\"@type\":\"SearchAction\",\"target\":{\"@type\":\"EntryPoint\",\"urlTemplate\":\"https:\/\/vrstvy.sk\/sk\/?s={search_term_string}\"},\"query-input\":{\"@type\":\"PropertyValueSpecification\",\"valueRequired\":true,\"valueName\":\"search_term_string\"}}],\"inLanguage\":\"sk-SK\"},{\"@type\":\"Organization\",\"@id\":\"https:\/\/vrstvy.sk\/sk\/#organization\",\"name\":\"JK vrstvy s.r.o.\",\"url\":\"https:\/\/vrstvy.sk\/sk\/\",\"logo\":{\"@type\":\"ImageObject\",\"inLanguage\":\"sk-SK\",\"@id\":\"https:\/\/vrstvy.sk\/sk\/#\/schema\/logo\/image\/\",\"url\":\"https:\/\/vrstvy.sk\/wp-content\/uploads\/2021\/08\/jk-logo2-e1628680922939.png\",\"contentUrl\":\"https:\/\/vrstvy.sk\/wp-content\/uploads\/2021\/08\/jk-logo2-e1628680922939.png\",\"width\":500,\"height\":245,\"caption\":\"JK vrstvy s.r.o.\"},\"image\":{\"@id\":\"https:\/\/vrstvy.sk\/sk\/#\/schema\/logo\/image\/\"}}]}<\/script>\n<!-- \/ Yoast SEO plugin. -->","yoast_head_json":{"title":"Termick\u00e9 n\u00e1streky | vrstvy.sk","description":"Nan\u00e1\u0161anie kovov\u00fdch, keramick\u00fdch a karbidov\u00fdch vrstiev na strojn\u00e9 diely za \u00fa\u010delom zlep\u0161enia povrchov\u00fdch vlastnost\u00ed bez zmeny z\u00e1kladn\u00e9ho materi\u00e1lu.","robots":{"index":"index","follow":"follow","max-snippet":"max-snippet:-1","max-image-preview":"max-image-preview:large","max-video-preview":"max-video-preview:-1"},"canonical":"https:\/\/vrstvy.sk\/sk\/termicke-nastreky\/","og_locale":"sk_SK","og_type":"article","og_title":"Termick\u00e9 n\u00e1streky | vrstvy.sk","og_description":"Nan\u00e1\u0161anie kovov\u00fdch, keramick\u00fdch a karbidov\u00fdch vrstiev na strojn\u00e9 diely za \u00fa\u010delom zlep\u0161enia povrchov\u00fdch vlastnost\u00ed bez zmeny z\u00e1kladn\u00e9ho materi\u00e1lu.","og_url":"https:\/\/vrstvy.sk\/sk\/termicke-nastreky\/","og_site_name":"JK vrstvy","article_modified_time":"2022-02-05T19:56:10+00:00","twitter_card":"summary_large_image","schema":{"@context":"https:\/\/schema.org","@graph":[{"@type":"WebPage","@id":"https:\/\/vrstvy.sk\/sk\/termicke-nastreky\/","url":"https:\/\/vrstvy.sk\/sk\/termicke-nastreky\/","name":"Termick\u00e9 n\u00e1streky | vrstvy.sk","isPartOf":{"@id":"https:\/\/vrstvy.sk\/sk\/#website"},"datePublished":"2021-08-11T09:17:02+00:00","dateModified":"2022-02-05T19:56:10+00:00","description":"Nan\u00e1\u0161anie kovov\u00fdch, keramick\u00fdch a karbidov\u00fdch vrstiev na strojn\u00e9 diely za \u00fa\u010delom zlep\u0161enia povrchov\u00fdch vlastnost\u00ed bez zmeny z\u00e1kladn\u00e9ho materi\u00e1lu.","inLanguage":"sk-SK","potentialAction":[{"@type":"ReadAction","target":["https:\/\/vrstvy.sk\/sk\/termicke-nastreky\/"]}]},{"@type":"WebSite","@id":"https:\/\/vrstvy.sk\/sk\/#website","url":"https:\/\/vrstvy.sk\/sk\/","name":"JK vrstvy","description":"","publisher":{"@id":"https:\/\/vrstvy.sk\/sk\/#organization"},"potentialAction":[{"@type":"SearchAction","target":{"@type":"EntryPoint","urlTemplate":"https:\/\/vrstvy.sk\/sk\/?s={search_term_string}"},"query-input":{"@type":"PropertyValueSpecification","valueRequired":true,"valueName":"search_term_string"}}],"inLanguage":"sk-SK"},{"@type":"Organization","@id":"https:\/\/vrstvy.sk\/sk\/#organization","name":"JK vrstvy s.r.o.","url":"https:\/\/vrstvy.sk\/sk\/","logo":{"@type":"ImageObject","inLanguage":"sk-SK","@id":"https:\/\/vrstvy.sk\/sk\/#\/schema\/logo\/image\/","url":"https:\/\/vrstvy.sk\/wp-content\/uploads\/2021\/08\/jk-logo2-e1628680922939.png","contentUrl":"https:\/\/vrstvy.sk\/wp-content\/uploads\/2021\/08\/jk-logo2-e1628680922939.png","width":500,"height":245,"caption":"JK vrstvy s.r.o."},"image":{"@id":"https:\/\/vrstvy.sk\/sk\/#\/schema\/logo\/image\/"}}]}},"_links":{"self":[{"href":"https:\/\/vrstvy.sk\/sk\/wp-json\/wp\/v2\/pages\/110","targetHints":{"allow":["GET"]}}],"collection":[{"href":"https:\/\/vrstvy.sk\/sk\/wp-json\/wp\/v2\/pages"}],"about":[{"href":"https:\/\/vrstvy.sk\/sk\/wp-json\/wp\/v2\/types\/page"}],"author":[{"embeddable":true,"href":"https:\/\/vrstvy.sk\/sk\/wp-json\/wp\/v2\/users\/2"}],"replies":[{"embeddable":true,"href":"https:\/\/vrstvy.sk\/sk\/wp-json\/wp\/v2\/comments?post=110"}],"version-history":[{"count":20,"href":"https:\/\/vrstvy.sk\/sk\/wp-json\/wp\/v2\/pages\/110\/revisions"}],"predecessor-version":[{"id":522,"href":"https:\/\/vrstvy.sk\/sk\/wp-json\/wp\/v2\/pages\/110\/revisions\/522"}],"wp:attachment":[{"href":"https:\/\/vrstvy.sk\/sk\/wp-json\/wp\/v2\/media?parent=110"}],"curies":[{"name":"wp","href":"https:\/\/api.w.org\/{rel}","templated":true}]}}