{"id":101,"date":"2021-08-11T10:57:50","date_gmt":"2021-08-11T08:57:50","guid":{"rendered":"https:\/\/vrstvy.sk\/?page_id=101"},"modified":"2022-09-08T15:13:33","modified_gmt":"2022-09-08T13:13:33","slug":"kontakt","status":"publish","type":"page","link":"https:\/\/vrstvy.sk\/sk\/kontakt\/","title":{"rendered":"Kontakt"},"content":{"rendered":"<p>[et_pb_section fb_built=&#8220;1&#8243; custom_padding_last_edited=&#8220;on|phone&#8220; admin_label=&#8220;Header&#8220; _builder_version=&#8220;4.6.1&#8243; _module_preset=&#8220;default&#8220; background_color=&#8220;#3d4840&#8243; background_enable_image=&#8220;off&#8220; custom_padding=&#8220;0px||120px||false|false&#8220; custom_padding_tablet=&#8220;||100px||false|false&#8220; custom_padding_phone=&#8220;&#8220; locked=&#8220;off&#8220;][et_pb_row column_structure=&#8220;1_2,1_2&#8243; make_equal=&#8220;on&#8220; _builder_version=&#8220;4.9.2&#8243; _module_preset=&#8220;default&#8220; custom_padding=&#8220;0px||4px||false|false&#8220;][et_pb_column type=&#8220;1_2&#8243; _builder_version=&#8220;4.6.1&#8243; _module_preset=&#8220;default&#8220; custom_padding=&#8220;120px||||false|false&#8220; custom_padding_tablet=&#8220;&#8220; custom_padding_phone=&#8220;&#8220; custom_padding_last_edited=&#8220;on|desktop&#8220;][et_pb_text _builder_version=&#8220;4.9.2&#8243; _module_preset=&#8220;default&#8220; text_font_size=&#8220;20px&#8220; text_line_height=&#8220;2.2em&#8220; header_font=&#8220;Merriweather|300|||||||&#8220; header_font_size=&#8220;65px&#8220; header_line_height=&#8220;1.4em&#8220; header_3_font=&#8220;|700||on|||||&#8220; header_3_font_size=&#8220;14px&#8220; header_3_letter_spacing=&#8220;4px&#8220; header_3_line_height=&#8220;1.4em&#8220; background_layout=&#8220;dark&#8220; header_font_size_tablet=&#8220;54px&#8220; header_font_size_phone=&#8220;34px&#8220; header_font_size_last_edited=&#8220;on|phone&#8220;]<\/p>\n<h3>Kontakt<\/h3>\n<h1>JK vrstvy s.r.o.<\/h1>\n<p>Divina 15,&nbsp;013 31 Divina<br \/>\nI\u010cO : 48148512<br \/>\nI\u010c DPH : SK2120068676[\/et_pb_text][\/et_pb_column][et_pb_column type=&#8220;1_2&#8243; _builder_version=&#8220;4.9.2&#8243; _module_preset=&#8220;default&#8220; background_color=&#8220;#27302b&#8220; background_color_gradient_direction=&#8220;90deg&#8220; background_enable_image=&#8220;off&#8220; custom_padding=&#8220;120px|50px|50px|50px|false|true&#8220; custom_padding_tablet=&#8220;50px||50px||true|false&#8220; custom_padding_phone=&#8220;20px|20px|20px|20px|true|true&#8220; custom_padding_last_edited=&#8220;on|phone&#8220;][et_pb_text _builder_version=&#8220;4.9.2&#8243; text_font=&#8220;|700|||||||&#8220; text_text_color=&#8220;#b4926b&#8220; text_font_size=&#8220;20px&#8220; text_line_height=&#8220;1.4em&#8220; link_text_color=&#8220;#01a652&#8243; header_6_font=&#8220;|600||on|||||&#8220; header_6_letter_spacing=&#8220;2px&#8220; header_6_line_height=&#8220;1.2em&#8220; text_orientation=&#8220;center&#8220; background_layout=&#8220;dark&#8220; text_font_size_tablet=&#8220;18px&#8220; text_font_size_phone=&#8220;16px&#8220; text_font_size_last_edited=&#8220;on|phone&#8220; locked=&#8220;off&#8220;]<\/p>\n<h6>Email<\/h6>\n<p><a href=\"mailto:kukuc@vrstvy.sk\">kukuc@vrstvy.sk<\/a><br \/>\n<a href=\"mailto:vrstvy@vrstvy.sk\">vrstvy@vrstvy.sk<\/a>[\/et_pb_text][et_pb_text _builder_version=&#8220;4.9.2&#8243; text_font=&#8220;|700|||||||&#8220; text_text_color=&#8220;#01a652&#8243; text_font_size=&#8220;20px&#8220; text_line_height=&#8220;1.4em&#8220; link_text_color=&#8220;#01a652&#8243; header_6_font=&#8220;|600||on|||||&#8220; header_6_letter_spacing=&#8220;2px&#8220; header_6_line_height=&#8220;1.2em&#8220; text_orientation=&#8220;center&#8220; background_layout=&#8220;dark&#8220; custom_margin=&#8220;50px||||false|false&#8220; custom_margin_tablet=&#8220;&#8220; custom_margin_phone=&#8220;30px||||false|false&#8220; custom_margin_last_edited=&#8220;on|phone&#8220; text_font_size_tablet=&#8220;18px&#8220; text_font_size_phone=&#8220;16px&#8220; text_font_size_last_edited=&#8220;on|phone&#8220; locked=&#8220;off&#8220;]<\/p>\n<h6>Telef\u00f3n<\/h6>\n<p><span><a href=\"tel:+421903502668\">+421 903 502 668<\/a><\/span>[\/et_pb_text][et_pb_text _builder_version=&#8220;4.9.2&#8243; text_font=&#8220;|700|||||||&#8220; text_text_color=&#8220;#01a652&#8243; text_font_size=&#8220;20px&#8220; text_line_height=&#8220;1.4em&#8220; link_text_color=&#8220;#000000&#8243; header_6_font=&#8220;|600||on|||||&#8220; header_6_letter_spacing=&#8220;2px&#8220; header_6_line_height=&#8220;1.2em&#8220; text_orientation=&#8220;center&#8220; background_layout=&#8220;dark&#8220; custom_margin=&#8220;50px||||false|false&#8220; custom_margin_tablet=&#8220;&#8220; custom_margin_phone=&#8220;30px||||false|false&#8220; custom_margin_last_edited=&#8220;on|phone&#8220; text_font_size_tablet=&#8220;18px&#8220; text_font_size_phone=&#8220;16px&#8220; text_font_size_last_edited=&#8220;on|phone&#8220; locked=&#8220;off&#8220;]<\/p>\n<h6>Prev\u00e1dzka<\/h6>\n<p><span>Kote\u0161ov\u00e1-Oblazov 91<\/span><br \/>\n<span>013 61 Kote\u0161ov\u00e1<\/span>[\/et_pb_text][\/et_pb_column][\/et_pb_row][\/et_pb_section][et_pb_section fb_built=&#8220;1&#8243; admin_label=&#8220;Contact Form&#8220; _builder_version=&#8220;4.9.2&#8243; _module_preset=&#8220;default&#8220; background_color=&#8220;#f0efee&#8220; background_enable_image=&#8220;off&#8220;][et_pb_row _builder_version=&#8220;4.6.1&#8243; _module_preset=&#8220;default&#8220; max_width=&#8220;700px&#8220;][et_pb_column type=&#8220;4_4&#8243; _builder_version=&#8220;4.6.1&#8243; _module_preset=&#8220;default&#8220;][et_pb_text _builder_version=&#8220;4.9.2&#8243; _module_preset=&#8220;default&#8220; text_font_size=&#8220;16px&#8220; text_line_height=&#8220;2.2em&#8220; header_2_font=&#8220;Merriweather|300|||||||&#8220; header_2_text_color=&#8220;#000000&#8243; header_2_font_size=&#8220;74px&#8220; header_2_line_height=&#8220;1.4em&#8220; text_orientation=&#8220;center&#8220; header_2_font_size_tablet=&#8220;34px&#8220; header_2_font_size_phone=&#8220;22px&#8220; header_2_font_size_last_edited=&#8220;on|phone&#8220; locked=&#8220;off&#8220;]<\/p>\n<h2>Kontaktujte n\u00e1s<\/h2>\n<p>[\/et_pb_text][et_pb_contact_form email=&#8220;kukuc@vrstvy.sk&#8220; custom_message=&#8220;Meno: %%Name%%||et_pb_line_break_holder||E-mail: %%Email%%||et_pb_line_break_holder||Spr\u00e1va: %%Message%%&#8220; success_message=&#8220;Va\u0161a spr\u00e1va bola \u00faspe\u0161ne odoslan\u00e1. &#8220; submit_button_text=&#8220;Odosla\u0165&#8220; _builder_version=&#8220;4.9.2&#8243; _module_preset=&#8220;default&#8220; form_field_background_color=&#8220;#ffffff&#8220; form_field_text_color=&#8220;#000000&#8243; custom_button=&#8220;on&#8220; button_text_size=&#8220;14px&#8220; button_text_color=&#8220;#ffffff&#8220; button_bg_color=&#8220;#01a652&#8243; button_border_width=&#8220;0px&#8220; button_border_radius=&#8220;0px&#8220; button_letter_spacing=&#8220;2px&#8220; button_font=&#8220;|||on|||||&#8220; button_custom_margin=&#8220;0px||||false|false&#8220; button_custom_padding=&#8220;14px|30px|14px|30px|true|true&#8220; hover_enabled=&#8220;0&#8243; border_width_all=&#8220;1px&#8220; border_color_all=&#8220;rgba(51,51,51,0.3)&#8220; locked=&#8220;off&#8220; button_custom_padding__hover=&#8220;|40px|||true|false&#8220; button_custom_padding__hover_enabled=&#8220;on|hover&#8220; sticky_enabled=&#8220;0&#8243;][et_pb_contact_field field_id=&#8220;Name&#8220; field_title=&#8220;Meno&#8220; _builder_version=&#8220;4.9.2&#8243; button_text_size__hover_enabled=&#8220;off&#8220; button_one_text_size__hover_enabled=&#8220;off&#8220; button_two_text_size__hover_enabled=&#8220;off&#8220; button_text_color__hover_enabled=&#8220;off&#8220; button_one_text_color__hover_enabled=&#8220;off&#8220; button_two_text_color__hover_enabled=&#8220;off&#8220; button_border_width__hover_enabled=&#8220;off&#8220; button_one_border_width__hover_enabled=&#8220;off&#8220; button_two_border_width__hover_enabled=&#8220;off&#8220; button_border_color__hover_enabled=&#8220;off&#8220; button_one_border_color__hover_enabled=&#8220;off&#8220; button_two_border_color__hover_enabled=&#8220;off&#8220; button_border_radius__hover_enabled=&#8220;off&#8220; button_one_border_radius__hover_enabled=&#8220;off&#8220; button_two_border_radius__hover_enabled=&#8220;off&#8220; button_letter_spacing__hover_enabled=&#8220;off&#8220; button_one_letter_spacing__hover_enabled=&#8220;off&#8220; button_two_letter_spacing__hover_enabled=&#8220;off&#8220; button_bg_color__hover_enabled=&#8220;off&#8220; button_one_bg_color__hover_enabled=&#8220;off&#8220; button_two_bg_color__hover_enabled=&#8220;off&#8220;][\/et_pb_contact_field][et_pb_contact_field field_id=&#8220;Email&#8220; field_title=&#8220;Email&#8220; field_type=&#8220;email&#8220; _builder_version=&#8220;4.9.2&#8243; button_text_size__hover_enabled=&#8220;off&#8220; button_one_text_size__hover_enabled=&#8220;off&#8220; button_two_text_size__hover_enabled=&#8220;off&#8220; button_text_color__hover_enabled=&#8220;off&#8220; button_one_text_color__hover_enabled=&#8220;off&#8220; button_two_text_color__hover_enabled=&#8220;off&#8220; button_border_width__hover_enabled=&#8220;off&#8220; button_one_border_width__hover_enabled=&#8220;off&#8220; button_two_border_width__hover_enabled=&#8220;off&#8220; button_border_color__hover_enabled=&#8220;off&#8220; button_one_border_color__hover_enabled=&#8220;off&#8220; button_two_border_color__hover_enabled=&#8220;off&#8220; button_border_radius__hover_enabled=&#8220;off&#8220; button_one_border_radius__hover_enabled=&#8220;off&#8220; button_two_border_radius__hover_enabled=&#8220;off&#8220; button_letter_spacing__hover_enabled=&#8220;off&#8220; button_one_letter_spacing__hover_enabled=&#8220;off&#8220; button_two_letter_spacing__hover_enabled=&#8220;off&#8220; button_bg_color__hover_enabled=&#8220;off&#8220; button_one_bg_color__hover_enabled=&#8220;off&#8220; button_two_bg_color__hover_enabled=&#8220;off&#8220;][\/et_pb_contact_field][et_pb_contact_field field_id=&#8220;Message&#8220; field_title=&#8220;Spr\u00e1va&#8220; field_type=&#8220;text&#8220; fullwidth_field=&#8220;on&#8220; _builder_version=&#8220;4.9.2&#8243; button_text_size__hover_enabled=&#8220;off&#8220; button_one_text_size__hover_enabled=&#8220;off&#8220; button_two_text_size__hover_enabled=&#8220;off&#8220; button_text_color__hover_enabled=&#8220;off&#8220; button_one_text_color__hover_enabled=&#8220;off&#8220; button_two_text_color__hover_enabled=&#8220;off&#8220; button_border_width__hover_enabled=&#8220;off&#8220; button_one_border_width__hover_enabled=&#8220;off&#8220; button_two_border_width__hover_enabled=&#8220;off&#8220; button_border_color__hover_enabled=&#8220;off&#8220; button_one_border_color__hover_enabled=&#8220;off&#8220; button_two_border_color__hover_enabled=&#8220;off&#8220; button_border_radius__hover_enabled=&#8220;off&#8220; button_one_border_radius__hover_enabled=&#8220;off&#8220; button_two_border_radius__hover_enabled=&#8220;off&#8220; button_letter_spacing__hover_enabled=&#8220;off&#8220; button_one_letter_spacing__hover_enabled=&#8220;off&#8220; button_two_letter_spacing__hover_enabled=&#8220;off&#8220; button_bg_color__hover_enabled=&#8220;off&#8220; button_one_bg_color__hover_enabled=&#8220;off&#8220; button_two_bg_color__hover_enabled=&#8220;off&#8220;][\/et_pb_contact_field][et_pb_contact_field field_id=&#8220;gdpr&#8220; field_title=&#8220;S\u00fahlas\u00edm so spracovan\u00edm &#8220; field_type=&#8220;checkbox&#8220; checkbox_options=&#8220;%91{%22value%22:%22S\u00fahlas\u00edm so spracovan\u00edm %22,%22checked%22:0,%22dragID%22:-1,%22link_url%22:%22https:\/\/vrstvy.sk\/wp-content\/uploads\/2022\/09\/vrstvy-gdpr.pdf%22,%22link_text%22:%22osobn\u00fdch \u00fadajov%22}%93&#8243; fullwidth_field=&#8220;on&#8220; _builder_version=&#8220;4.9.2&#8243; _module_preset=&#8220;default&#8220; hover_enabled=&#8220;0&#8243; sticky_enabled=&#8220;0&#8243;][\/et_pb_contact_field][\/et_pb_contact_form][\/et_pb_column][\/et_pb_row][\/et_pb_section][et_pb_section fb_built=&#8220;1&#8243; custom_padding_last_edited=&#8220;on|phone&#8220; admin_label=&#8220;Footer&#8220; _builder_version=&#8220;4.6.5&#8243; _module_preset=&#8220;default&#8220; background_color=&#8220;#38413a&#8220; background_image=&#8220;https:\/\/vrstvy.sk\/wp-content\/uploads\/2021\/08\/realtor-010.jpg&#8220; custom_padding=&#8220;100px||100px||true|false&#8220; custom_padding_tablet=&#8220;80px||80px||true|false&#8220; custom_padding_phone=&#8220;60px||60px||true|false&#8220; saved_tabs=&#8220;all&#8220; locked=&#8220;off&#8220;][et_pb_row custom_padding_last_edited=&#8220;on|phone&#8220; _builder_version=&#8220;4.9.2&#8243; _module_preset=&#8220;default&#8220; background_color=&#8220;rgba(0,0,0,0.7)&#8220; custom_margin=&#8220;3vw||3vw||true|false&#8220; custom_padding=&#8220;60px|30px|60px|30px|true|true&#8220; custom_padding_tablet=&#8220;&#8220; custom_padding_phone=&#8220;&#8220; border_color_all=&#8220;#01a652&#8243; border_width_bottom=&#8220;10px&#8220; locked=&#8220;off&#8220;][et_pb_column type=&#8220;4_4&#8243; _builder_version=&#8220;4.5.1&#8243; _module_preset=&#8220;default&#8220;][et_pb_code _builder_version=&#8220;4.9.2&#8243; _module_preset=&#8220;default&#8220;]<iframe src=\"https:\/\/www.google.com\/maps\/embed?pb=!1m14!1m8!1m3!1d10416.32448981004!2d18.6353874!3d49.2559083!3m2!1i1024!2i768!4f13.1!3m3!1m2!1s0x0%3A0xf13b3dfa344bb4f9!2sJK%20vrstvy%20s.r.o.!5e0!3m2!1scs!2ssk!4v1628760742864!5m2!1scs!2ssk\" width=\"1000\" height=\"450\" style=\"border:0;\" allowfullscreen=\"\" loading=\"lazy\"><\/iframe>[\/et_pb_code][\/et_pb_column][\/et_pb_row][\/et_pb_section]<\/p>\n","protected":false},"excerpt":{"rendered":"<p>Kontakt JK vrstvy s.r.o. Divina 15,&nbsp;013 31 Divina I\u010cO : 48148512 I\u010c DPH : SK2120068676Email kukuc@vrstvy.sk vrstvy@vrstvy.skTelef\u00f3n +421 903 502 668Prev\u00e1dzka Kote\u0161ov\u00e1-Oblazov 91 013 61 Kote\u0161ov\u00e1Kontaktujte n\u00e1s<\/p>\n","protected":false},"author":2,"featured_media":0,"parent":0,"menu_order":0,"comment_status":"closed","ping_status":"closed","template":"","meta":{"_et_pb_use_builder":"on","_et_pb_old_content":"","_et_gb_content_width":"","footnotes":""},"class_list":["post-101","page","type-page","status-publish","hentry"],"yoast_head":"<!-- This site is optimized with the Yoast SEO plugin v26.9 - https:\/\/yoast.com\/product\/yoast-seo-wordpress\/ -->\n<title>Kontakt - vrstvy.sk<\/title>\n<meta name=\"description\" content=\"Adresa: Kote\u0161ov\u00e1-Oblazov 91, 013 61 Kote\u0161ov\u00e1. Faktura\u010dn\u00e9 \u00fadaje: I\u010cO : 48148512? I\u010c DPH : SK2120068676\" \/>\n<meta name=\"robots\" content=\"index, follow, max-snippet:-1, max-image-preview:large, max-video-preview:-1\" \/>\n<link rel=\"canonical\" href=\"https:\/\/vrstvy.sk\/sk\/kontakt\/\" \/>\n<meta property=\"og:locale\" content=\"sk_SK\" \/>\n<meta property=\"og:type\" content=\"article\" \/>\n<meta property=\"og:title\" content=\"Kontakt - vrstvy.sk\" \/>\n<meta property=\"og:description\" content=\"Adresa: Kote\u0161ov\u00e1-Oblazov 91, 013 61 Kote\u0161ov\u00e1. Faktura\u010dn\u00e9 \u00fadaje: I\u010cO : 48148512? I\u010c DPH : SK2120068676\" \/>\n<meta property=\"og:url\" content=\"https:\/\/vrstvy.sk\/sk\/kontakt\/\" \/>\n<meta property=\"og:site_name\" content=\"JK vrstvy\" \/>\n<meta property=\"article:modified_time\" content=\"2022-09-08T13:13:33+00:00\" \/>\n<meta name=\"twitter:card\" content=\"summary_large_image\" \/>\n<script type=\"application\/ld+json\" class=\"yoast-schema-graph\">{\"@context\":\"https:\/\/schema.org\",\"@graph\":[{\"@type\":\"WebPage\",\"@id\":\"https:\/\/vrstvy.sk\/sk\/kontakt\/\",\"url\":\"https:\/\/vrstvy.sk\/sk\/kontakt\/\",\"name\":\"Kontakt - vrstvy.sk\",\"isPartOf\":{\"@id\":\"https:\/\/vrstvy.sk\/sk\/#website\"},\"datePublished\":\"2021-08-11T08:57:50+00:00\",\"dateModified\":\"2022-09-08T13:13:33+00:00\",\"description\":\"Adresa: Kote\u0161ov\u00e1-Oblazov 91, 013 61 Kote\u0161ov\u00e1. Faktura\u010dn\u00e9 \u00fadaje: I\u010cO : 48148512? I\u010c DPH : SK2120068676\",\"inLanguage\":\"sk-SK\",\"potentialAction\":[{\"@type\":\"ReadAction\",\"target\":[\"https:\/\/vrstvy.sk\/sk\/kontakt\/\"]}]},{\"@type\":\"WebSite\",\"@id\":\"https:\/\/vrstvy.sk\/sk\/#website\",\"url\":\"https:\/\/vrstvy.sk\/sk\/\",\"name\":\"JK vrstvy\",\"description\":\"\",\"publisher\":{\"@id\":\"https:\/\/vrstvy.sk\/sk\/#organization\"},\"potentialAction\":[{\"@type\":\"SearchAction\",\"target\":{\"@type\":\"EntryPoint\",\"urlTemplate\":\"https:\/\/vrstvy.sk\/sk\/?s={search_term_string}\"},\"query-input\":{\"@type\":\"PropertyValueSpecification\",\"valueRequired\":true,\"valueName\":\"search_term_string\"}}],\"inLanguage\":\"sk-SK\"},{\"@type\":\"Organization\",\"@id\":\"https:\/\/vrstvy.sk\/sk\/#organization\",\"name\":\"JK vrstvy s.r.o.\",\"url\":\"https:\/\/vrstvy.sk\/sk\/\",\"logo\":{\"@type\":\"ImageObject\",\"inLanguage\":\"sk-SK\",\"@id\":\"https:\/\/vrstvy.sk\/sk\/#\/schema\/logo\/image\/\",\"url\":\"https:\/\/vrstvy.sk\/wp-content\/uploads\/2021\/08\/jk-logo2-e1628680922939.png\",\"contentUrl\":\"https:\/\/vrstvy.sk\/wp-content\/uploads\/2021\/08\/jk-logo2-e1628680922939.png\",\"width\":500,\"height\":245,\"caption\":\"JK vrstvy s.r.o.\"},\"image\":{\"@id\":\"https:\/\/vrstvy.sk\/sk\/#\/schema\/logo\/image\/\"}}]}<\/script>\n<!-- \/ Yoast SEO plugin. -->","yoast_head_json":{"title":"Kontakt - vrstvy.sk","description":"Adresa: Kote\u0161ov\u00e1-Oblazov 91, 013 61 Kote\u0161ov\u00e1. Faktura\u010dn\u00e9 \u00fadaje: I\u010cO : 48148512? I\u010c DPH : SK2120068676","robots":{"index":"index","follow":"follow","max-snippet":"max-snippet:-1","max-image-preview":"max-image-preview:large","max-video-preview":"max-video-preview:-1"},"canonical":"https:\/\/vrstvy.sk\/sk\/kontakt\/","og_locale":"sk_SK","og_type":"article","og_title":"Kontakt - vrstvy.sk","og_description":"Adresa: Kote\u0161ov\u00e1-Oblazov 91, 013 61 Kote\u0161ov\u00e1. Faktura\u010dn\u00e9 \u00fadaje: I\u010cO : 48148512? I\u010c DPH : SK2120068676","og_url":"https:\/\/vrstvy.sk\/sk\/kontakt\/","og_site_name":"JK vrstvy","article_modified_time":"2022-09-08T13:13:33+00:00","twitter_card":"summary_large_image","schema":{"@context":"https:\/\/schema.org","@graph":[{"@type":"WebPage","@id":"https:\/\/vrstvy.sk\/sk\/kontakt\/","url":"https:\/\/vrstvy.sk\/sk\/kontakt\/","name":"Kontakt - vrstvy.sk","isPartOf":{"@id":"https:\/\/vrstvy.sk\/sk\/#website"},"datePublished":"2021-08-11T08:57:50+00:00","dateModified":"2022-09-08T13:13:33+00:00","description":"Adresa: Kote\u0161ov\u00e1-Oblazov 91, 013 61 Kote\u0161ov\u00e1. Faktura\u010dn\u00e9 \u00fadaje: I\u010cO : 48148512? I\u010c DPH : SK2120068676","inLanguage":"sk-SK","potentialAction":[{"@type":"ReadAction","target":["https:\/\/vrstvy.sk\/sk\/kontakt\/"]}]},{"@type":"WebSite","@id":"https:\/\/vrstvy.sk\/sk\/#website","url":"https:\/\/vrstvy.sk\/sk\/","name":"JK vrstvy","description":"","publisher":{"@id":"https:\/\/vrstvy.sk\/sk\/#organization"},"potentialAction":[{"@type":"SearchAction","target":{"@type":"EntryPoint","urlTemplate":"https:\/\/vrstvy.sk\/sk\/?s={search_term_string}"},"query-input":{"@type":"PropertyValueSpecification","valueRequired":true,"valueName":"search_term_string"}}],"inLanguage":"sk-SK"},{"@type":"Organization","@id":"https:\/\/vrstvy.sk\/sk\/#organization","name":"JK vrstvy s.r.o.","url":"https:\/\/vrstvy.sk\/sk\/","logo":{"@type":"ImageObject","inLanguage":"sk-SK","@id":"https:\/\/vrstvy.sk\/sk\/#\/schema\/logo\/image\/","url":"https:\/\/vrstvy.sk\/wp-content\/uploads\/2021\/08\/jk-logo2-e1628680922939.png","contentUrl":"https:\/\/vrstvy.sk\/wp-content\/uploads\/2021\/08\/jk-logo2-e1628680922939.png","width":500,"height":245,"caption":"JK vrstvy s.r.o."},"image":{"@id":"https:\/\/vrstvy.sk\/sk\/#\/schema\/logo\/image\/"}}]}},"_links":{"self":[{"href":"https:\/\/vrstvy.sk\/sk\/wp-json\/wp\/v2\/pages\/101","targetHints":{"allow":["GET"]}}],"collection":[{"href":"https:\/\/vrstvy.sk\/sk\/wp-json\/wp\/v2\/pages"}],"about":[{"href":"https:\/\/vrstvy.sk\/sk\/wp-json\/wp\/v2\/types\/page"}],"author":[{"embeddable":true,"href":"https:\/\/vrstvy.sk\/sk\/wp-json\/wp\/v2\/users\/2"}],"replies":[{"embeddable":true,"href":"https:\/\/vrstvy.sk\/sk\/wp-json\/wp\/v2\/comments?post=101"}],"version-history":[{"count":14,"href":"https:\/\/vrstvy.sk\/sk\/wp-json\/wp\/v2\/pages\/101\/revisions"}],"predecessor-version":[{"id":538,"href":"https:\/\/vrstvy.sk\/sk\/wp-json\/wp\/v2\/pages\/101\/revisions\/538"}],"wp:attachment":[{"href":"https:\/\/vrstvy.sk\/sk\/wp-json\/wp\/v2\/media?parent=101"}],"curies":[{"name":"wp","href":"https:\/\/api.w.org\/{rel}","templated":true}]}}