{"id":246,"date":"2021-08-11T11:41:20","date_gmt":"2021-08-11T09:41:20","guid":{"rendered":"https:\/\/vrstvy.sk\/o-nas\/"},"modified":"2021-09-08T16:25:50","modified_gmt":"2021-09-08T14:25:50","slug":"about-us","status":"publish","type":"page","link":"https:\/\/vrstvy.sk\/en\/about-us\/","title":{"rendered":"About us"},"content":{"rendered":"<p>[et_pb_section fb_built=&#8221;1&#8243; custom_padding_last_edited=&#8221;on|phone&#8221; admin_label=&#8221;Header&#8221; _builder_version=&#8221;4.6.5&#8243; _module_preset=&#8221;default&#8221; background_color=&#8221;#3d4840&#8243; background_image=&#8221;https:\/\/vrstvy.sk\/wp-content\/uploads\/2021\/08\/realtor-001.png&#8221; custom_margin=&#8221;||-3px||false|false&#8221; custom_margin_tablet=&#8221;||0px||false|false&#8221; custom_margin_phone=&#8221;&#8221; custom_margin_last_edited=&#8221;on|phone&#8221; custom_padding=&#8221;0px||120px||false|false&#8221; custom_padding_tablet=&#8221;||0px||false|false&#8221; custom_padding_phone=&#8221;&#8221; locked=&#8221;off&#8221;][et_pb_row column_structure=&#8221;1_2,1_2&#8243; make_equal=&#8221;on&#8221; _builder_version=&#8221;4.9.2&#8243; _module_preset=&#8221;default&#8221; min_height=&#8221;491.5px&#8221; custom_margin=&#8221;|230px||auto||&#8221; custom_padding=&#8221;0px|0px|0px||false|false&#8221;][et_pb_column type=&#8221;1_2&#8243; _builder_version=&#8221;4.6.1&#8243; _module_preset=&#8221;default&#8221; custom_padding=&#8221;120px||||false|false&#8221; custom_padding_tablet=&#8221;&#8221; custom_padding_phone=&#8221;&#8221; custom_padding_last_edited=&#8221;on|desktop&#8221;][et_pb_text _builder_version=&#8221;4.9.2&#8243; _module_preset=&#8221;default&#8221; text_font_size=&#8221;20px&#8221; text_line_height=&#8221;2.2em&#8221; header_font=&#8221;Merriweather|300|||||||&#8221; header_font_size=&#8221;65px&#8221; header_line_height=&#8221;1.4em&#8221; header_2_font=&#8221;Merriweather|700|||||||&#8221; header_2_text_color=&#8221;#b4926b&#8221; header_2_font_size=&#8221;74px&#8221; header_2_line_height=&#8221;1.4em&#8221; header_3_font=&#8221;|700||on|||||&#8221; header_3_font_size=&#8221;14px&#8221; header_3_letter_spacing=&#8221;4px&#8221; header_3_line_height=&#8221;1.4em&#8221; background_layout=&#8221;dark&#8221; header_font_size_tablet=&#8221;54px&#8221; header_font_size_phone=&#8221;34px&#8221; header_font_size_last_edited=&#8221;on|phone&#8221; header_2_font_size_tablet=&#8221;54px&#8221; header_2_font_size_phone=&#8221;34px&#8221; header_2_font_size_last_edited=&#8221;on|phone&#8221;]<\/p>\n<h3>About us<\/h3>\n<h1>JK vrstvy s.r.o.<\/h1>\n<h2><\/h2>\n<p><span>We are in the thermal spraying business <br \/>since 1995.<br \/><\/span><\/p>\n<p>[\/et_pb_text][et_pb_button button_url=&#8221;\/en\/contact\/&#8221; button_text=&#8221;Contact&#8221; _builder_version=&#8221;4.9.2&#8243; _module_preset=&#8221;default&#8221; custom_button=&#8221;on&#8221; button_text_size=&#8221;14px&#8221; button_border_width=&#8221;2px&#8221; button_border_color=&#8221;rgba(255,255,255,0.1)&#8221; button_border_radius=&#8221;0px&#8221; button_letter_spacing=&#8221;2px&#8221; button_font=&#8221;|||on|||||&#8221; background_layout=&#8221;dark&#8221; custom_padding=&#8221;14px|30px|14px|30px|true|true&#8221; hover_enabled=&#8221;0&#8243; custom_padding__hover_enabled=&#8221;on|hover&#8221; custom_padding__hover=&#8221;|40px|||true|false&#8221; sticky_enabled=&#8221;0&#8243;][\/et_pb_button][\/et_pb_column][et_pb_column type=&#8221;1_2&#8243; _builder_version=&#8221;4.9.2&#8243; _module_preset=&#8221;default&#8221; background_enable_color=&#8221;off&#8221; use_background_color_gradient=&#8221;on&#8221; background_color_gradient_start=&#8221;#3d4840&#8243; background_color_gradient_end=&#8221;rgba(0,0,0,0)&#8221; background_color_gradient_direction=&#8221;90deg&#8221; background_color_gradient_start_position=&#8221;10%&#8221; background_color_gradient_end_position=&#8221;10%&#8221; background_enable_image=&#8221;off&#8221; custom_padding=&#8221;120px|50px|50px||false|false&#8221; custom_padding_tablet=&#8221;50px||50px||true|false&#8221; custom_padding_phone=&#8221;20px|20px|20px||true|false&#8221; custom_padding_last_edited=&#8221;on|tablet&#8221;][et_pb_image src=&#8221;https:\/\/vrstvy.sk\/wp-content\/uploads\/2021\/08\/oprava-scaled.jpg&#8221; title_text=&#8221;oprava&#8221; _builder_version=&#8221;4.9.2&#8243; _module_preset=&#8221;default&#8221; custom_margin=&#8221;|-170px|-65px|-43px|false|false&#8221; custom_margin_tablet=&#8221;||0px||false|false&#8221; custom_margin_phone=&#8221;&#8221; custom_margin_last_edited=&#8221;on|tablet&#8221; custom_padding=&#8221;|0px|1px|||&#8221; box_shadow_style=&#8221;preset2&#8243; box_shadow_horizontal=&#8221;56px&#8221; box_shadow_vertical=&#8221;56px&#8221; box_shadow_blur=&#8221;56px&#8221;][\/et_pb_image][\/et_pb_column][\/et_pb_row][\/et_pb_section][et_pb_section fb_built=&#8221;1&#8243; _builder_version=&#8221;4.6.1&#8243; _module_preset=&#8221;default&#8221; locked=&#8221;off&#8221;][et_pb_row _builder_version=&#8221;4.6.1&#8243; _module_preset=&#8221;default&#8221;][et_pb_column type=&#8221;4_4&#8243; _builder_version=&#8221;4.6.1&#8243; _module_preset=&#8221;default&#8221;][et_pb_text _builder_version=&#8221;4.9.2&#8243; _module_preset=&#8221;default&#8221; header_2_font=&#8221;Merriweather|300|||||||&#8221; header_2_font_size=&#8221;60px&#8221; header_2_line_height=&#8221;1.4em&#8221; header_2_font_size_tablet=&#8221;54px&#8221; header_2_font_size_phone=&#8221;34px&#8221; header_2_font_size_last_edited=&#8221;on|phone&#8221; locked=&#8221;off&#8221;]<\/p>\n<h2>From our history<\/h2>\n<p>[\/et_pb_text][\/et_pb_column][\/et_pb_row][et_pb_row column_structure=&#8221;1_2,1_2&#8243; _builder_version=&#8221;4.6.1&#8243; _module_preset=&#8221;default&#8221;][et_pb_column type=&#8221;1_2&#8243; _builder_version=&#8221;4.6.1&#8243; _module_preset=&#8221;default&#8221;][et_pb_text _builder_version=&#8221;4.9.2&#8243; _module_preset=&#8221;default&#8221; text_font_size=&#8221;16px&#8221; text_line_height=&#8221;2.2em&#8221; header_3_font=&#8221;Merriweather||||||||&#8221; header_3_font_size=&#8221;20px&#8221; header_3_line_height=&#8221;1.8em&#8221; header_3_font_size_tablet=&#8221;18px&#8221; header_3_font_size_phone=&#8221;16px&#8221; header_3_font_size_last_edited=&#8221;on|phone&#8221; locked=&#8221;off&#8221;]<\/p>\n<p><span data-sheets-value=\"{&quot;1&quot;:2,&quot;2&quot;:&quot;In 2010 an independent company Jozef Kukuc surface layers was established, which in 2015 was transformed into JK vrstvy s.r.o. During this time we have managed to create a company with a high quality technical and personnel background. We currently have three sandblasting workplaces, two thermal spraying workplaces.&quot;}\">In 2010 an independent company Jozef Kukuc surface layers was established, which in 2015 was transformed into JK vrstvy s.r.o. During this time we have managed to create a company with a high quality technical and personnel background. We currently have three sandblasting workplaces, two thermal spraying workplaces.<\/span><\/p>\n<p>[\/et_pb_text][\/et_pb_column][et_pb_column type=&#8221;1_2&#8243; _builder_version=&#8221;4.6.1&#8243; _module_preset=&#8221;default&#8221;][et_pb_text _builder_version=&#8221;4.9.2&#8243; _module_preset=&#8221;default&#8221; text_font_size=&#8221;16px&#8221; text_line_height=&#8221;2.2em&#8221; locked=&#8221;off&#8221;]<\/p>\n<p><span data-sheets-value=\"{&quot;1&quot;:2,&quot;2&quot;:&quot;We apply layers with wire, powder, HVOF and plasma equipment from world manufacturers METCO, GTV, MEC, accuracy and repeatability in coating is ensured by robotized workplace with KUKA industrial robot and CNC spraying positioner.&quot;}\">We apply layers with wire, powder, HVOF and plasma equipment from world manufacturers METCO, GTV, MEC, accuracy and repeatability in coating is ensured by robotized workplace with KUKA industrial robot and CNC spraying positioner.<\/span><\/p>\n<p>[\/et_pb_text][\/et_pb_column][\/et_pb_row][\/et_pb_section][et_pb_section fb_built=&#8221;1&#8243; custom_padding_last_edited=&#8221;on|phone&#8221; admin_label=&#8221;Footer&#8221; _builder_version=&#8221;4.9.2&#8243; _module_preset=&#8221;default&#8221; background_color=&#8221;rgba(56,65,58,0.48)&#8221; background_image=&#8221;https:\/\/vrstvy.sk\/wp-content\/uploads\/2021\/08\/1623328848561.jpg&#8221; background_blend=&#8221;multiply&#8221; custom_padding=&#8221;100px||100px||true|false&#8221; custom_padding_tablet=&#8221;80px||80px||true|false&#8221; custom_padding_phone=&#8221;60px||60px||true|false&#8221; saved_tabs=&#8221;all&#8221; locked=&#8221;off&#8221;][et_pb_row column_structure=&#8221;2_5,3_5&#8243; _builder_version=&#8221;4.6.1&#8243; _module_preset=&#8221;default&#8221;][et_pb_column type=&#8221;2_5&#8243; _builder_version=&#8221;4.6.1&#8243; _module_preset=&#8221;default&#8221;][et_pb_text _builder_version=&#8221;4.9.2&#8243; _module_preset=&#8221;default&#8221; header_2_font=&#8221;Merriweather|300|||||||&#8221; header_2_font_size=&#8221;44px&#8221; header_2_line_height=&#8221;1.4em&#8221; background_layout=&#8221;dark&#8221; header_2_font_size_tablet=&#8221;44px&#8221; header_2_font_size_phone=&#8221;28px&#8221; header_2_font_size_last_edited=&#8221;on|phone&#8221; locked=&#8221;off&#8221;]<\/p>\n<h2>Present<\/h2>\n<p>[\/et_pb_text][\/et_pb_column][et_pb_column type=&#8221;3_5&#8243; _builder_version=&#8221;4.6.1&#8243; _module_preset=&#8221;default&#8221;][et_pb_text _builder_version=&#8221;4.9.2&#8243; _module_preset=&#8221;default&#8221; text_font_size=&#8221;16px&#8221; text_line_height=&#8221;2.2em&#8221; background_layout=&#8221;dark&#8221; width=&#8221;100%&#8221; custom_margin=&#8221;|-79px||||&#8221; text_font_size_tablet=&#8221;14px&#8221; text_font_size_phone=&#8221;&#8221; text_font_size_last_edited=&#8221;on|phone&#8221; locked=&#8221;off&#8221;]<\/p>\n<p><span data-sheets-value=\"{&quot;1&quot;:2,&quot;2&quot;:&quot;In 2021, we moved our operation to our own newly built premises in Kote\u0161ov\u00e1-Oblazov district. Byt\u010da.&quot;}\">In 2021, we moved our operation to our own newly built premises in Kote\u0161ov\u00e1-Oblazov district. Byt\u010da.<\/span><\/p>\n<p>[\/et_pb_text][\/et_pb_column][\/et_pb_row][\/et_pb_section]<\/p>\n","protected":false},"excerpt":{"rendered":"<p>About us JK vrstvy s.r.o. We are in the thermal spraying business since 1995.From our historyIn 2010 an independent company Jozef Kukuc surface layers was established, which in 2015 was transformed into JK vrstvy s.r.o. During this time we have managed to create a company with a high quality technical and personnel background. We currently [&hellip;]<\/p>\n","protected":false},"author":2,"featured_media":0,"parent":0,"menu_order":0,"comment_status":"closed","ping_status":"closed","template":"","meta":{"_et_pb_use_builder":"on","_et_pb_old_content":"","_et_gb_content_width":"","footnotes":""},"class_list":["post-246","page","type-page","status-publish","hentry"],"yoast_head":"<!-- This site is optimized with the Yoast SEO plugin v26.9 - https:\/\/yoast.com\/product\/yoast-seo-wordpress\/ -->\n<title>About us - JK vrstvy<\/title>\n<meta name=\"robots\" content=\"index, follow, max-snippet:-1, max-image-preview:large, max-video-preview:-1\" \/>\n<link rel=\"canonical\" href=\"https:\/\/vrstvy.sk\/en\/about-us\/\" \/>\n<meta property=\"og:locale\" content=\"en_US\" \/>\n<meta property=\"og:type\" content=\"article\" \/>\n<meta property=\"og:title\" content=\"About us - JK vrstvy\" \/>\n<meta property=\"og:description\" content=\"About us JK vrstvy s.r.o. We are in the thermal spraying business since 1995.From our historyIn 2010 an independent company Jozef Kukuc surface layers was established, which in 2015 was transformed into JK vrstvy s.r.o. During this time we have managed to create a company with a high quality technical and personnel background. We currently [&hellip;]\" \/>\n<meta property=\"og:url\" content=\"https:\/\/vrstvy.sk\/en\/about-us\/\" \/>\n<meta property=\"og:site_name\" content=\"JK vrstvy\" \/>\n<meta property=\"article:modified_time\" content=\"2021-09-08T14:25:50+00:00\" \/>\n<meta name=\"twitter:card\" content=\"summary_large_image\" \/>\n<script type=\"application\/ld+json\" class=\"yoast-schema-graph\">{\"@context\":\"https:\/\/schema.org\",\"@graph\":[{\"@type\":\"WebPage\",\"@id\":\"https:\/\/vrstvy.sk\/en\/about-us\/\",\"url\":\"https:\/\/vrstvy.sk\/en\/about-us\/\",\"name\":\"About us - JK vrstvy\",\"isPartOf\":{\"@id\":\"https:\/\/vrstvy.sk\/sk\/#website\"},\"datePublished\":\"2021-08-11T09:41:20+00:00\",\"dateModified\":\"2021-09-08T14:25:50+00:00\",\"inLanguage\":\"en-US\",\"potentialAction\":[{\"@type\":\"ReadAction\",\"target\":[\"https:\/\/vrstvy.sk\/en\/about-us\/\"]}]},{\"@type\":\"WebSite\",\"@id\":\"https:\/\/vrstvy.sk\/sk\/#website\",\"url\":\"https:\/\/vrstvy.sk\/sk\/\",\"name\":\"JK vrstvy\",\"description\":\"\",\"publisher\":{\"@id\":\"https:\/\/vrstvy.sk\/sk\/#organization\"},\"potentialAction\":[{\"@type\":\"SearchAction\",\"target\":{\"@type\":\"EntryPoint\",\"urlTemplate\":\"https:\/\/vrstvy.sk\/sk\/?s={search_term_string}\"},\"query-input\":{\"@type\":\"PropertyValueSpecification\",\"valueRequired\":true,\"valueName\":\"search_term_string\"}}],\"inLanguage\":\"en-US\"},{\"@type\":\"Organization\",\"@id\":\"https:\/\/vrstvy.sk\/sk\/#organization\",\"name\":\"JK vrstvy s.r.o.\",\"url\":\"https:\/\/vrstvy.sk\/sk\/\",\"logo\":{\"@type\":\"ImageObject\",\"inLanguage\":\"en-US\",\"@id\":\"https:\/\/vrstvy.sk\/sk\/#\/schema\/logo\/image\/\",\"url\":\"https:\/\/vrstvy.sk\/wp-content\/uploads\/2021\/08\/jk-logo2-e1628680922939.png\",\"contentUrl\":\"https:\/\/vrstvy.sk\/wp-content\/uploads\/2021\/08\/jk-logo2-e1628680922939.png\",\"width\":500,\"height\":245,\"caption\":\"JK vrstvy s.r.o.\"},\"image\":{\"@id\":\"https:\/\/vrstvy.sk\/sk\/#\/schema\/logo\/image\/\"}}]}<\/script>\n<!-- \/ Yoast SEO plugin. -->","yoast_head_json":{"title":"About us - JK vrstvy","robots":{"index":"index","follow":"follow","max-snippet":"max-snippet:-1","max-image-preview":"max-image-preview:large","max-video-preview":"max-video-preview:-1"},"canonical":"https:\/\/vrstvy.sk\/en\/about-us\/","og_locale":"en_US","og_type":"article","og_title":"About us - JK vrstvy","og_description":"About us JK vrstvy s.r.o. We are in the thermal spraying business since 1995.From our historyIn 2010 an independent company Jozef Kukuc surface layers was established, which in 2015 was transformed into JK vrstvy s.r.o. During this time we have managed to create a company with a high quality technical and personnel background. We currently [&hellip;]","og_url":"https:\/\/vrstvy.sk\/en\/about-us\/","og_site_name":"JK vrstvy","article_modified_time":"2021-09-08T14:25:50+00:00","twitter_card":"summary_large_image","schema":{"@context":"https:\/\/schema.org","@graph":[{"@type":"WebPage","@id":"https:\/\/vrstvy.sk\/en\/about-us\/","url":"https:\/\/vrstvy.sk\/en\/about-us\/","name":"About us - JK vrstvy","isPartOf":{"@id":"https:\/\/vrstvy.sk\/sk\/#website"},"datePublished":"2021-08-11T09:41:20+00:00","dateModified":"2021-09-08T14:25:50+00:00","inLanguage":"en-US","potentialAction":[{"@type":"ReadAction","target":["https:\/\/vrstvy.sk\/en\/about-us\/"]}]},{"@type":"WebSite","@id":"https:\/\/vrstvy.sk\/sk\/#website","url":"https:\/\/vrstvy.sk\/sk\/","name":"JK vrstvy","description":"","publisher":{"@id":"https:\/\/vrstvy.sk\/sk\/#organization"},"potentialAction":[{"@type":"SearchAction","target":{"@type":"EntryPoint","urlTemplate":"https:\/\/vrstvy.sk\/sk\/?s={search_term_string}"},"query-input":{"@type":"PropertyValueSpecification","valueRequired":true,"valueName":"search_term_string"}}],"inLanguage":"en-US"},{"@type":"Organization","@id":"https:\/\/vrstvy.sk\/sk\/#organization","name":"JK vrstvy s.r.o.","url":"https:\/\/vrstvy.sk\/sk\/","logo":{"@type":"ImageObject","inLanguage":"en-US","@id":"https:\/\/vrstvy.sk\/sk\/#\/schema\/logo\/image\/","url":"https:\/\/vrstvy.sk\/wp-content\/uploads\/2021\/08\/jk-logo2-e1628680922939.png","contentUrl":"https:\/\/vrstvy.sk\/wp-content\/uploads\/2021\/08\/jk-logo2-e1628680922939.png","width":500,"height":245,"caption":"JK vrstvy s.r.o."},"image":{"@id":"https:\/\/vrstvy.sk\/sk\/#\/schema\/logo\/image\/"}}]}},"_links":{"self":[{"href":"https:\/\/vrstvy.sk\/en\/wp-json\/wp\/v2\/pages\/246","targetHints":{"allow":["GET"]}}],"collection":[{"href":"https:\/\/vrstvy.sk\/en\/wp-json\/wp\/v2\/pages"}],"about":[{"href":"https:\/\/vrstvy.sk\/en\/wp-json\/wp\/v2\/types\/page"}],"author":[{"embeddable":true,"href":"https:\/\/vrstvy.sk\/en\/wp-json\/wp\/v2\/users\/2"}],"replies":[{"embeddable":true,"href":"https:\/\/vrstvy.sk\/en\/wp-json\/wp\/v2\/comments?post=246"}],"version-history":[{"count":4,"href":"https:\/\/vrstvy.sk\/en\/wp-json\/wp\/v2\/pages\/246\/revisions"}],"predecessor-version":[{"id":420,"href":"https:\/\/vrstvy.sk\/en\/wp-json\/wp\/v2\/pages\/246\/revisions\/420"}],"wp:attachment":[{"href":"https:\/\/vrstvy.sk\/en\/wp-json\/wp\/v2\/media?parent=246"}],"curies":[{"name":"wp","href":"https:\/\/api.w.org\/{rel}","templated":true}]}}