{"id":243,"date":"2021-08-11T10:57:50","date_gmt":"2021-08-11T08:57:50","guid":{"rendered":"https:\/\/vrstvy.sk\/kontakt\/"},"modified":"2021-09-22T07:49:21","modified_gmt":"2021-09-22T05:49:21","slug":"contact","status":"publish","type":"page","link":"https:\/\/vrstvy.sk\/en\/contact\/","title":{"rendered":"Contact"},"content":{"rendered":"<p>[et_pb_section fb_built=&#8221;1&#8243; custom_padding_last_edited=&#8221;on|phone&#8221; admin_label=&#8221;Header&#8221; _builder_version=&#8221;4.6.1&#8243; _module_preset=&#8221;default&#8221; background_color=&#8221;#3d4840&#8243; background_enable_image=&#8221;off&#8221; custom_padding=&#8221;0px||120px||false|false&#8221; custom_padding_tablet=&#8221;||100px||false|false&#8221; custom_padding_phone=&#8221;&#8221; locked=&#8221;off&#8221;][et_pb_row column_structure=&#8221;1_2,1_2&#8243; make_equal=&#8221;on&#8221; _builder_version=&#8221;4.9.2&#8243; _module_preset=&#8221;default&#8221; custom_padding=&#8221;0px||4px||false|false&#8221;][et_pb_column type=&#8221;1_2&#8243; _builder_version=&#8221;4.6.1&#8243; _module_preset=&#8221;default&#8221; custom_padding=&#8221;120px||||false|false&#8221; custom_padding_tablet=&#8221;&#8221; custom_padding_phone=&#8221;&#8221; custom_padding_last_edited=&#8221;on|desktop&#8221;][et_pb_text _builder_version=&#8221;4.9.2&#8243; _module_preset=&#8221;default&#8221; text_font_size=&#8221;20px&#8221; text_line_height=&#8221;2.2em&#8221; header_font=&#8221;Merriweather|300|||||||&#8221; header_font_size=&#8221;65px&#8221; header_line_height=&#8221;1.4em&#8221; header_3_font=&#8221;|700||on|||||&#8221; header_3_font_size=&#8221;14px&#8221; header_3_letter_spacing=&#8221;4px&#8221; header_3_line_height=&#8221;1.4em&#8221; background_layout=&#8221;dark&#8221; header_font_size_tablet=&#8221;54px&#8221; header_font_size_phone=&#8221;34px&#8221; header_font_size_last_edited=&#8221;on|phone&#8221;]<\/p>\n<h3>Contact<\/h3>\n<h1>JK vrstvy s.r.o.<\/h1>\n<p>Divina 15,\u00a0013 31 Divina<br \/>ID: 48148512<br \/>VAT NUMBER: SK2120068676<\/p>\n<p>[\/et_pb_text][\/et_pb_column][et_pb_column type=&#8221;1_2&#8243; _builder_version=&#8221;4.9.2&#8243; _module_preset=&#8221;default&#8221; background_color=&#8221;#27302b&#8221; background_color_gradient_direction=&#8221;90deg&#8221; background_enable_image=&#8221;off&#8221; custom_padding=&#8221;120px|50px|50px|50px|false|true&#8221; custom_padding_tablet=&#8221;50px||50px||true|false&#8221; custom_padding_phone=&#8221;20px|20px|20px|20px|true|true&#8221; custom_padding_last_edited=&#8221;on|phone&#8221;][et_pb_text _builder_version=&#8221;4.9.2&#8243; text_font=&#8221;|700|||||||&#8221; text_text_color=&#8221;#b4926b&#8221; text_font_size=&#8221;20px&#8221; text_line_height=&#8221;1.4em&#8221; link_text_color=&#8221;#01a652&#8243; header_6_font=&#8221;|600||on|||||&#8221; header_6_letter_spacing=&#8221;2px&#8221; header_6_line_height=&#8221;1.2em&#8221; text_orientation=&#8221;center&#8221; background_layout=&#8221;dark&#8221; text_font_size_tablet=&#8221;18px&#8221; text_font_size_phone=&#8221;16px&#8221; text_font_size_last_edited=&#8221;on|phone&#8221; locked=&#8221;off&#8221;]<\/p>\n<h6>Email<\/h6>\n<p><a href=\"mailto:kukuc@vrstvy.sk\">kukuc@vrstvy.sk<\/a><br \/><a href=\"mailto:vrstvy@vrstvy.sk\">vrstvy@vrstvy.sk<\/a><\/p>\n<p>[\/et_pb_text][et_pb_text _builder_version=&#8221;4.9.2&#8243; text_font=&#8221;|700|||||||&#8221; text_text_color=&#8221;#01a652&#8243; text_font_size=&#8221;20px&#8221; text_line_height=&#8221;1.4em&#8221; link_text_color=&#8221;#01a652&#8243; header_6_font=&#8221;|600||on|||||&#8221; header_6_letter_spacing=&#8221;2px&#8221; header_6_line_height=&#8221;1.2em&#8221; text_orientation=&#8221;center&#8221; background_layout=&#8221;dark&#8221; custom_margin=&#8221;50px||||false|false&#8221; custom_margin_tablet=&#8221;&#8221; custom_margin_phone=&#8221;30px||||false|false&#8221; custom_margin_last_edited=&#8221;on|phone&#8221; text_font_size_tablet=&#8221;18px&#8221; text_font_size_phone=&#8221;16px&#8221; text_font_size_last_edited=&#8221;on|phone&#8221; locked=&#8221;off&#8221;]<\/p>\n<h6>Phone<\/h6>\n<p><span><a href=\"tel:+421903502668\">+421 903 502 668<\/a><\/span><\/p>\n<p>[\/et_pb_text][et_pb_text _builder_version=&#8221;4.9.2&#8243; text_font=&#8221;|700|||||||&#8221; text_text_color=&#8221;#01a652&#8243; text_font_size=&#8221;20px&#8221; text_line_height=&#8221;1.4em&#8221; link_text_color=&#8221;#000000&#8243; header_6_font=&#8221;|600||on|||||&#8221; header_6_letter_spacing=&#8221;2px&#8221; header_6_line_height=&#8221;1.2em&#8221; text_orientation=&#8221;center&#8221; background_layout=&#8221;dark&#8221; custom_margin=&#8221;50px||||false|false&#8221; custom_margin_tablet=&#8221;&#8221; custom_margin_phone=&#8221;30px||||false|false&#8221; custom_margin_last_edited=&#8221;on|phone&#8221; text_font_size_tablet=&#8221;18px&#8221; text_font_size_phone=&#8221;16px&#8221; text_font_size_last_edited=&#8221;on|phone&#8221; locked=&#8221;off&#8221;]<\/p>\n<h6>Operation<\/h6>\n<p><span>Kote\u0161ov\u00e1-Oblazov 91<\/span><br \/><span>013 61 Kote\u0161ov\u00e1<\/span><\/p>\n<p>[\/et_pb_text][\/et_pb_column][\/et_pb_row][\/et_pb_section][et_pb_section fb_built=&#8221;1&#8243; admin_label=&#8221;Contact Form&#8221; _builder_version=&#8221;4.9.2&#8243; _module_preset=&#8221;default&#8221; background_color=&#8221;#f0efee&#8221; background_enable_image=&#8221;off&#8221;][et_pb_row _builder_version=&#8221;4.6.1&#8243; _module_preset=&#8221;default&#8221; max_width=&#8221;700px&#8221;][et_pb_column type=&#8221;4_4&#8243; _builder_version=&#8221;4.6.1&#8243; _module_preset=&#8221;default&#8221;][et_pb_text _builder_version=&#8221;4.9.2&#8243; _module_preset=&#8221;default&#8221; text_font_size=&#8221;16px&#8221; text_line_height=&#8221;2.2em&#8221; header_2_font=&#8221;Merriweather|300|||||||&#8221; header_2_text_color=&#8221;#000000&#8243; header_2_font_size=&#8221;74px&#8221; header_2_line_height=&#8221;1.4em&#8221; text_orientation=&#8221;center&#8221; header_2_font_size_tablet=&#8221;34px&#8221; header_2_font_size_phone=&#8221;22px&#8221; header_2_font_size_last_edited=&#8221;on|phone&#8221; locked=&#8221;off&#8221;]<\/p>\n<h2>Contact us<\/h2>\n<p>[\/et_pb_text][et_pb_contact_form email=&#8221;kukuc@vrstvy.sk&#8221; custom_message=&#8221;Meno: %%Name%%||et_pb_line_break_holder||E-mail: %%Email%%||et_pb_line_break_holder||Spr\u00e1va: %%Message%%&#8221; success_message=&#8221;Your message was sent succesfully.&#8221; submit_button_text=&#8221;Send&#8221; _builder_version=&#8221;4.9.2&#8243; _module_preset=&#8221;default&#8221; form_field_background_color=&#8221;#ffffff&#8221; form_field_text_color=&#8221;#000000&#8243; custom_button=&#8221;on&#8221; button_text_size=&#8221;14px&#8221; button_text_color=&#8221;#ffffff&#8221; button_bg_color=&#8221;#01a652&#8243; button_border_width=&#8221;0px&#8221; button_border_radius=&#8221;0px&#8221; button_letter_spacing=&#8221;2px&#8221; button_font=&#8221;|||on|||||&#8221; button_custom_margin=&#8221;0px||||false|false&#8221; button_custom_padding=&#8221;14px|30px|14px|30px|true|true&#8221; hover_enabled=&#8221;0&#8243; border_width_all=&#8221;1px&#8221; border_color_all=&#8221;rgba(51,51,51,0.3)&#8221; locked=&#8221;off&#8221; button_custom_padding__hover=&#8221;|40px|||true|false&#8221; button_custom_padding__hover_enabled=&#8221;on|hover&#8221; sticky_enabled=&#8221;0&#8243;][et_pb_contact_field field_id=&#8221;Name&#8221; field_title=&#8221;Name&#8221; _builder_version=&#8221;4.9.2&#8243; button_text_size__hover_enabled=&#8221;off&#8221; button_one_text_size__hover_enabled=&#8221;off&#8221; button_two_text_size__hover_enabled=&#8221;off&#8221; button_text_color__hover_enabled=&#8221;off&#8221; button_one_text_color__hover_enabled=&#8221;off&#8221; button_two_text_color__hover_enabled=&#8221;off&#8221; button_border_width__hover_enabled=&#8221;off&#8221; button_one_border_width__hover_enabled=&#8221;off&#8221; button_two_border_width__hover_enabled=&#8221;off&#8221; button_border_color__hover_enabled=&#8221;off&#8221; button_one_border_color__hover_enabled=&#8221;off&#8221; button_two_border_color__hover_enabled=&#8221;off&#8221; button_border_radius__hover_enabled=&#8221;off&#8221; button_one_border_radius__hover_enabled=&#8221;off&#8221; button_two_border_radius__hover_enabled=&#8221;off&#8221; button_letter_spacing__hover_enabled=&#8221;off&#8221; button_one_letter_spacing__hover_enabled=&#8221;off&#8221; button_two_letter_spacing__hover_enabled=&#8221;off&#8221; button_bg_color__hover_enabled=&#8221;off&#8221; button_one_bg_color__hover_enabled=&#8221;off&#8221; button_two_bg_color__hover_enabled=&#8221;off&#8221;][\/et_pb_contact_field][et_pb_contact_field field_id=&#8221;Email&#8221; field_title=&#8221;Email&#8221; field_type=&#8221;email&#8221; _builder_version=&#8221;4.9.2&#8243; button_text_size__hover_enabled=&#8221;off&#8221; button_one_text_size__hover_enabled=&#8221;off&#8221; button_two_text_size__hover_enabled=&#8221;off&#8221; button_text_color__hover_enabled=&#8221;off&#8221; button_one_text_color__hover_enabled=&#8221;off&#8221; button_two_text_color__hover_enabled=&#8221;off&#8221; button_border_width__hover_enabled=&#8221;off&#8221; button_one_border_width__hover_enabled=&#8221;off&#8221; button_two_border_width__hover_enabled=&#8221;off&#8221; button_border_color__hover_enabled=&#8221;off&#8221; button_one_border_color__hover_enabled=&#8221;off&#8221; button_two_border_color__hover_enabled=&#8221;off&#8221; button_border_radius__hover_enabled=&#8221;off&#8221; button_one_border_radius__hover_enabled=&#8221;off&#8221; button_two_border_radius__hover_enabled=&#8221;off&#8221; button_letter_spacing__hover_enabled=&#8221;off&#8221; button_one_letter_spacing__hover_enabled=&#8221;off&#8221; button_two_letter_spacing__hover_enabled=&#8221;off&#8221; button_bg_color__hover_enabled=&#8221;off&#8221; button_one_bg_color__hover_enabled=&#8221;off&#8221; button_two_bg_color__hover_enabled=&#8221;off&#8221;][\/et_pb_contact_field][et_pb_contact_field field_id=&#8221;Message&#8221; field_title=&#8221;Message&#8221; field_type=&#8221;text&#8221; fullwidth_field=&#8221;on&#8221; _builder_version=&#8221;4.9.2&#8243; button_text_size__hover_enabled=&#8221;off&#8221; button_one_text_size__hover_enabled=&#8221;off&#8221; button_two_text_size__hover_enabled=&#8221;off&#8221; button_text_color__hover_enabled=&#8221;off&#8221; button_one_text_color__hover_enabled=&#8221;off&#8221; button_two_text_color__hover_enabled=&#8221;off&#8221; button_border_width__hover_enabled=&#8221;off&#8221; button_one_border_width__hover_enabled=&#8221;off&#8221; button_two_border_width__hover_enabled=&#8221;off&#8221; button_border_color__hover_enabled=&#8221;off&#8221; button_one_border_color__hover_enabled=&#8221;off&#8221; button_two_border_color__hover_enabled=&#8221;off&#8221; button_border_radius__hover_enabled=&#8221;off&#8221; button_one_border_radius__hover_enabled=&#8221;off&#8221; button_two_border_radius__hover_enabled=&#8221;off&#8221; button_letter_spacing__hover_enabled=&#8221;off&#8221; button_one_letter_spacing__hover_enabled=&#8221;off&#8221; button_two_letter_spacing__hover_enabled=&#8221;off&#8221; button_bg_color__hover_enabled=&#8221;off&#8221; button_one_bg_color__hover_enabled=&#8221;off&#8221; button_two_bg_color__hover_enabled=&#8221;off&#8221;][\/et_pb_contact_field][\/et_pb_contact_form][\/et_pb_column][\/et_pb_row][\/et_pb_section][et_pb_section fb_built=&#8221;1&#8243; custom_padding_last_edited=&#8221;on|phone&#8221; admin_label=&#8221;Footer&#8221; _builder_version=&#8221;4.6.5&#8243; _module_preset=&#8221;default&#8221; background_color=&#8221;#38413a&#8221; background_image=&#8221;https:\/\/vrstvy.sk\/wp-content\/uploads\/2021\/08\/realtor-010.jpg&#8221; custom_padding=&#8221;100px||100px||true|false&#8221; custom_padding_tablet=&#8221;80px||80px||true|false&#8221; custom_padding_phone=&#8221;60px||60px||true|false&#8221; saved_tabs=&#8221;all&#8221; locked=&#8221;off&#8221;][et_pb_row custom_padding_last_edited=&#8221;on|phone&#8221; _builder_version=&#8221;4.9.2&#8243; _module_preset=&#8221;default&#8221; background_color=&#8221;rgba(0,0,0,0.7)&#8221; custom_margin=&#8221;3vw||3vw||true|false&#8221; custom_padding=&#8221;60px|30px|60px|30px|true|true&#8221; custom_padding_tablet=&#8221;&#8221; custom_padding_phone=&#8221;&#8221; border_color_all=&#8221;#01a652&#8243; border_width_bottom=&#8221;10px&#8221; locked=&#8221;off&#8221;][et_pb_column type=&#8221;4_4&#8243; _builder_version=&#8221;4.5.1&#8243; _module_preset=&#8221;default&#8221;][et_pb_code _builder_version=&#8221;4.9.2&#8243; _module_preset=&#8221;default&#8221;]<iframe src=\"https:\/\/www.google.com\/maps\/embed?pb=!1m14!1m8!1m3!1d10416.32448981004!2d18.6353874!3d49.2559083!3m2!1i1024!2i768!4f13.1!3m3!1m2!1s0x0%3A0xf13b3dfa344bb4f9!2sJK%20vrstvy%20s.r.o.!5e0!3m2!1scs!2ssk!4v1628760742864!5m2!1scs!2ssk\" width=\"1000\" height=\"450\" style=\"border:0;\" allowfullscreen=\"\" loading=\"lazy\"><\/iframe>[\/et_pb_code][\/et_pb_column][\/et_pb_row][\/et_pb_section]<\/p>\n","protected":false},"excerpt":{"rendered":"<p>Contact JK vrstvy s.r.o. Divina 15,\u00a0013 31 DivinaID: 48148512VAT NUMBER: SK2120068676Email kukuc@vrstvy.skvrstvy@vrstvy.skPhone +421 903 502 668Operation Kote\u0161ov\u00e1-Oblazov 91013 61 Kote\u0161ov\u00e1Contact us<\/p>\n","protected":false},"author":2,"featured_media":0,"parent":0,"menu_order":0,"comment_status":"closed","ping_status":"closed","template":"","meta":{"_et_pb_use_builder":"on","_et_pb_old_content":"","_et_gb_content_width":"","footnotes":""},"class_list":["post-243","page","type-page","status-publish","hentry"],"yoast_head":"<!-- This site is optimized with the Yoast SEO plugin v26.9 - https:\/\/yoast.com\/product\/yoast-seo-wordpress\/ -->\n<title>Contact - JK vrstvy<\/title>\n<meta name=\"robots\" content=\"index, follow, max-snippet:-1, max-image-preview:large, max-video-preview:-1\" \/>\n<link rel=\"canonical\" href=\"https:\/\/vrstvy.sk\/en\/contact\/\" \/>\n<meta property=\"og:locale\" content=\"en_US\" \/>\n<meta property=\"og:type\" content=\"article\" \/>\n<meta property=\"og:title\" content=\"Contact - JK vrstvy\" \/>\n<meta property=\"og:description\" content=\"Contact JK vrstvy s.r.o. Divina 15,\u00a0013 31 DivinaID: 48148512VAT NUMBER: SK2120068676Email kukuc@vrstvy.skvrstvy@vrstvy.skPhone +421 903 502 668Operation Kote\u0161ov\u00e1-Oblazov 91013 61 Kote\u0161ov\u00e1Contact us\" \/>\n<meta property=\"og:url\" content=\"https:\/\/vrstvy.sk\/en\/contact\/\" \/>\n<meta property=\"og:site_name\" content=\"JK vrstvy\" \/>\n<meta property=\"article:modified_time\" content=\"2021-09-22T05:49:21+00:00\" \/>\n<meta name=\"twitter:card\" content=\"summary_large_image\" \/>\n<script type=\"application\/ld+json\" class=\"yoast-schema-graph\">{\"@context\":\"https:\/\/schema.org\",\"@graph\":[{\"@type\":\"WebPage\",\"@id\":\"https:\/\/vrstvy.sk\/en\/contact\/\",\"url\":\"https:\/\/vrstvy.sk\/en\/contact\/\",\"name\":\"Contact - JK vrstvy\",\"isPartOf\":{\"@id\":\"https:\/\/vrstvy.sk\/sk\/#website\"},\"datePublished\":\"2021-08-11T08:57:50+00:00\",\"dateModified\":\"2021-09-22T05:49:21+00:00\",\"inLanguage\":\"en-US\",\"potentialAction\":[{\"@type\":\"ReadAction\",\"target\":[\"https:\/\/vrstvy.sk\/en\/contact\/\"]}]},{\"@type\":\"WebSite\",\"@id\":\"https:\/\/vrstvy.sk\/sk\/#website\",\"url\":\"https:\/\/vrstvy.sk\/sk\/\",\"name\":\"JK vrstvy\",\"description\":\"\",\"publisher\":{\"@id\":\"https:\/\/vrstvy.sk\/sk\/#organization\"},\"potentialAction\":[{\"@type\":\"SearchAction\",\"target\":{\"@type\":\"EntryPoint\",\"urlTemplate\":\"https:\/\/vrstvy.sk\/sk\/?s={search_term_string}\"},\"query-input\":{\"@type\":\"PropertyValueSpecification\",\"valueRequired\":true,\"valueName\":\"search_term_string\"}}],\"inLanguage\":\"en-US\"},{\"@type\":\"Organization\",\"@id\":\"https:\/\/vrstvy.sk\/sk\/#organization\",\"name\":\"JK vrstvy s.r.o.\",\"url\":\"https:\/\/vrstvy.sk\/sk\/\",\"logo\":{\"@type\":\"ImageObject\",\"inLanguage\":\"en-US\",\"@id\":\"https:\/\/vrstvy.sk\/sk\/#\/schema\/logo\/image\/\",\"url\":\"https:\/\/vrstvy.sk\/wp-content\/uploads\/2021\/08\/jk-logo2-e1628680922939.png\",\"contentUrl\":\"https:\/\/vrstvy.sk\/wp-content\/uploads\/2021\/08\/jk-logo2-e1628680922939.png\",\"width\":500,\"height\":245,\"caption\":\"JK vrstvy s.r.o.\"},\"image\":{\"@id\":\"https:\/\/vrstvy.sk\/sk\/#\/schema\/logo\/image\/\"}}]}<\/script>\n<!-- \/ Yoast SEO plugin. -->","yoast_head_json":{"title":"Contact - JK vrstvy","robots":{"index":"index","follow":"follow","max-snippet":"max-snippet:-1","max-image-preview":"max-image-preview:large","max-video-preview":"max-video-preview:-1"},"canonical":"https:\/\/vrstvy.sk\/en\/contact\/","og_locale":"en_US","og_type":"article","og_title":"Contact - JK vrstvy","og_description":"Contact JK vrstvy s.r.o. Divina 15,\u00a0013 31 DivinaID: 48148512VAT NUMBER: SK2120068676Email kukuc@vrstvy.skvrstvy@vrstvy.skPhone +421 903 502 668Operation Kote\u0161ov\u00e1-Oblazov 91013 61 Kote\u0161ov\u00e1Contact us","og_url":"https:\/\/vrstvy.sk\/en\/contact\/","og_site_name":"JK vrstvy","article_modified_time":"2021-09-22T05:49:21+00:00","twitter_card":"summary_large_image","schema":{"@context":"https:\/\/schema.org","@graph":[{"@type":"WebPage","@id":"https:\/\/vrstvy.sk\/en\/contact\/","url":"https:\/\/vrstvy.sk\/en\/contact\/","name":"Contact - JK vrstvy","isPartOf":{"@id":"https:\/\/vrstvy.sk\/sk\/#website"},"datePublished":"2021-08-11T08:57:50+00:00","dateModified":"2021-09-22T05:49:21+00:00","inLanguage":"en-US","potentialAction":[{"@type":"ReadAction","target":["https:\/\/vrstvy.sk\/en\/contact\/"]}]},{"@type":"WebSite","@id":"https:\/\/vrstvy.sk\/sk\/#website","url":"https:\/\/vrstvy.sk\/sk\/","name":"JK vrstvy","description":"","publisher":{"@id":"https:\/\/vrstvy.sk\/sk\/#organization"},"potentialAction":[{"@type":"SearchAction","target":{"@type":"EntryPoint","urlTemplate":"https:\/\/vrstvy.sk\/sk\/?s={search_term_string}"},"query-input":{"@type":"PropertyValueSpecification","valueRequired":true,"valueName":"search_term_string"}}],"inLanguage":"en-US"},{"@type":"Organization","@id":"https:\/\/vrstvy.sk\/sk\/#organization","name":"JK vrstvy s.r.o.","url":"https:\/\/vrstvy.sk\/sk\/","logo":{"@type":"ImageObject","inLanguage":"en-US","@id":"https:\/\/vrstvy.sk\/sk\/#\/schema\/logo\/image\/","url":"https:\/\/vrstvy.sk\/wp-content\/uploads\/2021\/08\/jk-logo2-e1628680922939.png","contentUrl":"https:\/\/vrstvy.sk\/wp-content\/uploads\/2021\/08\/jk-logo2-e1628680922939.png","width":500,"height":245,"caption":"JK vrstvy s.r.o."},"image":{"@id":"https:\/\/vrstvy.sk\/sk\/#\/schema\/logo\/image\/"}}]}},"_links":{"self":[{"href":"https:\/\/vrstvy.sk\/en\/wp-json\/wp\/v2\/pages\/243","targetHints":{"allow":["GET"]}}],"collection":[{"href":"https:\/\/vrstvy.sk\/en\/wp-json\/wp\/v2\/pages"}],"about":[{"href":"https:\/\/vrstvy.sk\/en\/wp-json\/wp\/v2\/types\/page"}],"author":[{"embeddable":true,"href":"https:\/\/vrstvy.sk\/en\/wp-json\/wp\/v2\/users\/2"}],"replies":[{"embeddable":true,"href":"https:\/\/vrstvy.sk\/en\/wp-json\/wp\/v2\/comments?post=243"}],"version-history":[{"count":26,"href":"https:\/\/vrstvy.sk\/en\/wp-json\/wp\/v2\/pages\/243\/revisions"}],"predecessor-version":[{"id":514,"href":"https:\/\/vrstvy.sk\/en\/wp-json\/wp\/v2\/pages\/243\/revisions\/514"}],"wp:attachment":[{"href":"https:\/\/vrstvy.sk\/en\/wp-json\/wp\/v2\/media?parent=243"}],"curies":[{"name":"wp","href":"https:\/\/api.w.org\/{rel}","templated":true}]}}